{"id":1194,"date":"2025-02-13T23:39:54","date_gmt":"2025-02-13T22:39:54","guid":{"rendered":"https:\/\/bachirtours.com\/tours\/?page_id=1194"},"modified":"2025-02-22T20:53:35","modified_gmt":"2025-02-22T19:53:35","slug":"circuits-sahara-2-jours","status":"publish","type":"page","link":"https:\/\/bachirtours.com\/tours\/services\/circuits\/circuits-sahara-2-jours\/","title":{"rendered":"Nos Circuits Sahara \u2013 2 Jours"},"content":{"rendered":"<div id=\"pl-1194\"  class=\"panel-layout\" ><div id=\"pg-1194-0\"  class=\"panel-grid panel-no-style\" ><div id=\"pgc-1194-0-0\"  class=\"panel-grid-cell\" ><div id=\"panel-1194-0-0-0\" class=\"so-panel widget widget_black-studio-tinymce widget_black_studio_tinymce panel-first-child panel-last-child\" data-index=\"0\" ><h3 class=\"widget-title\"><span class=\"widget-title__inline\">Sahara &#8211; 2 jours (F\u00e8s \u2192 Merzouga \u2192 F\u00e8s)<\/span><\/h3><div class=\"textwidget\"><p>Une <strong>immersion express<\/strong> dans le d\u00e9sert avec une balade \u00e0 dos de chameau et une <strong>nuit magique sous les \u00e9toiles<\/strong>.<\/p>\n<h3><strong>\ud83d\udccd<\/strong><strong> Programme d\u00e9taill\u00e9<\/strong><\/h3>\n<h3><strong>\ud83d\ude97<\/strong><strong> Jour 1 : F\u00e8s \u2192 Merzouga<\/strong><\/h3>\n<p><img decoding=\"async\" class=\"aligncenter wp-image-1195\" src=\"https:\/\/bachirtours.com\/tours\/wp-content\/uploads\/2025\/02\/Merzouga.png\" alt=\"\" width=\"750\" height=\"497\" srcset=\"https:\/\/bachirtours.com\/tours\/wp-content\/uploads\/2025\/02\/Merzouga.png 897w, https:\/\/bachirtours.com\/tours\/wp-content\/uploads\/2025\/02\/Merzouga-300x199.png 300w, https:\/\/bachirtours.com\/tours\/wp-content\/uploads\/2025\/02\/Merzouga-768x509.png 768w, https:\/\/bachirtours.com\/tours\/wp-content\/uploads\/2025\/02\/Merzouga-360x240.png 360w\" sizes=\"(max-width: 750px) 100vw, 750px\" \/><\/p>\n<p>D\u00e9part <strong>t\u00f4t le matin<\/strong> de F\u00e8s pour une aventure inoubliable \u00e0 travers les paysages vari\u00e9s du Maroc.<\/p>\n<h4>\ud83d\udd39 <strong>\u00c9tapes du trajet :<\/strong><\/h4>\n<p>\u2705 <strong>Ifrane<\/strong> \u2013 Surnomm\u00e9e la <em>Suisse du Maroc<\/em>, cette ville charmante est connue pour son architecture europ\u00e9enne et son climat frais.<br \/>\n\u2705 <strong>For\u00eat des c\u00e8dres d\u2019Azrou<\/strong> \u2013 Rencontre avec les singes de Barbarie dans une for\u00eat majestueuse.<br \/>\n\u2705 <strong>Midelt<\/strong> \u2013 Pause d\u00e9jeuner dans cette ville nich\u00e9e entre le Moyen et le Haut Atlas.<br \/>\n\u2705 <strong>Vall\u00e9e du Ziz<\/strong> \u2013 D\u00e9couvrez l\u2019une des plus belles oasis du Maroc, bord\u00e9e de palmiers et de kasbahs.<br \/>\n\u2705 <strong>Errachidia &amp; Erfoud<\/strong> \u2013 Passage par ces villes sahariennes, c\u00e9l\u00e8bres pour leurs dattes et leurs fossiles.<br \/>\n\u2705 <strong>Merzouga<\/strong> \u2013 Arriv\u00e9e en fin d\u2019apr\u00e8s-midi au pied des dunes dor\u00e9es de l\u2019Erg Chebbi.<\/p>\n<h4>\ud83c\udf1f <strong>Exp\u00e9rience unique :<\/strong><\/h4>\n<p><img decoding=\"async\" class=\"aligncenter wp-image-1196\" src=\"https:\/\/bachirtours.com\/tours\/wp-content\/uploads\/2025\/02\/Blade-a-dos-des-chamaux.png\" alt=\"\" width=\"750\" height=\"499\" srcset=\"https:\/\/bachirtours.com\/tours\/wp-content\/uploads\/2025\/02\/Blade-a-dos-des-chamaux.png 895w, https:\/\/bachirtours.com\/tours\/wp-content\/uploads\/2025\/02\/Blade-a-dos-des-chamaux-300x199.png 300w, https:\/\/bachirtours.com\/tours\/wp-content\/uploads\/2025\/02\/Blade-a-dos-des-chamaux-768x511.png 768w, https:\/\/bachirtours.com\/tours\/wp-content\/uploads\/2025\/02\/Blade-a-dos-des-chamaux-360x240.png 360w, https:\/\/bachirtours.com\/tours\/wp-content\/uploads\/2025\/02\/Blade-a-dos-des-chamaux-272x182.png 272w\" sizes=\"(max-width: 750px) 100vw, 750px\" \/><\/p>\n<ul>\n<li><strong>Balade \u00e0 dos de chameau<\/strong> au coucher du soleil \u00e0 travers les dunes.<\/li>\n<\/ul>\n<p><img decoding=\"async\" class=\"aligncenter wp-image-1197\" src=\"https:\/\/bachirtours.com\/tours\/wp-content\/uploads\/2025\/02\/Nuit-en-bivouac.png\" alt=\"\" width=\"750\" height=\"494\" srcset=\"https:\/\/bachirtours.com\/tours\/wp-content\/uploads\/2025\/02\/Nuit-en-bivouac.png 898w, https:\/\/bachirtours.com\/tours\/wp-content\/uploads\/2025\/02\/Nuit-en-bivouac-300x198.png 300w, https:\/\/bachirtours.com\/tours\/wp-content\/uploads\/2025\/02\/Nuit-en-bivouac-768x506.png 768w\" sizes=\"(max-width: 750px) 100vw, 750px\" \/><\/p>\n<ul>\n<li><strong>Nuit en bivouac nomade<\/strong> sous un ciel \u00e9toil\u00e9 exceptionnel.<\/li>\n<\/ul>\n<p><img decoding=\"async\" class=\"aligncenter wp-image-1198\" src=\"https:\/\/bachirtours.com\/tours\/wp-content\/uploads\/2025\/02\/Dinner-traditionnel.png\" alt=\"\" width=\"750\" height=\"421\" srcset=\"https:\/\/bachirtours.com\/tours\/wp-content\/uploads\/2025\/02\/Dinner-traditionnel.png 895w, https:\/\/bachirtours.com\/tours\/wp-content\/uploads\/2025\/02\/Dinner-traditionnel-300x168.png 300w, https:\/\/bachirtours.com\/tours\/wp-content\/uploads\/2025\/02\/Dinner-traditionnel-768x431.png 768w\" sizes=\"(max-width: 750px) 100vw, 750px\" \/><\/p>\n<ul>\n<li><strong>D\u00eener traditionnel<\/strong> et ambiance musicale berb\u00e8re autour du feu.<\/li>\n<\/ul>\n<h2><strong>\ud83d\udc2a<\/strong><strong> Jour 2 : Merzouga \u2192 F\u00e8s<\/strong><\/h2>\n<p><img decoding=\"async\" class=\"aligncenter wp-image-1199\" src=\"https:\/\/bachirtours.com\/tours\/wp-content\/uploads\/2025\/02\/Lever-de-soleil-sur-les-dunes.png\" alt=\"\" width=\"750\" height=\"499\" srcset=\"https:\/\/bachirtours.com\/tours\/wp-content\/uploads\/2025\/02\/Lever-de-soleil-sur-les-dunes.png 901w, https:\/\/bachirtours.com\/tours\/wp-content\/uploads\/2025\/02\/Lever-de-soleil-sur-les-dunes-300x200.png 300w, https:\/\/bachirtours.com\/tours\/wp-content\/uploads\/2025\/02\/Lever-de-soleil-sur-les-dunes-768x511.png 768w, https:\/\/bachirtours.com\/tours\/wp-content\/uploads\/2025\/02\/Lever-de-soleil-sur-les-dunes-360x240.png 360w, https:\/\/bachirtours.com\/tours\/wp-content\/uploads\/2025\/02\/Lever-de-soleil-sur-les-dunes-272x182.png 272w\" sizes=\"(max-width: 750px) 100vw, 750px\" \/><\/p>\n<p>R\u00e9veil matinal pour admirer <strong>le lever de soleil sur les dunes<\/strong>, un spectacle inoubliable.<\/p>\n<p>\ud83d\udd39 <strong>Retour \u00e0 F\u00e8s avec des arr\u00eats en chemin :<\/strong><br \/>\n\u2705 <strong>Douche et petit-d\u00e9jeuner<\/strong> dans un riad ou un campement (inclus dans le pack complet).<br \/>\n\u2705 <strong>Arr\u00eat panoramique dans la vall\u00e9e du Ziz<\/strong> pour profiter d\u2019une derni\u00e8re vue sur le d\u00e9sert.<br \/>\n\u2705 <strong>Pause d\u00e9jeuner \u00e0 Midelt<\/strong> avant de reprendre la route \u00e0 travers les montagnes.<br \/>\n\u2705 <strong>Arriv\u00e9e \u00e0 F\u00e8s en fin d\u2019apr\u00e8s-midi.<\/strong><\/p>\n<h3><strong>\ud83d\ude8c<\/strong><strong> Informations Pratiques<\/strong><\/h3>\n<p>\u2705 <strong>D\u00e9part<\/strong> : 08h00 depuis F\u00e8s<br \/>\n\u2705 <strong>Retour<\/strong> : 18h00 le lendemain<br \/>\n\u2705 <strong>Inclus dans le pack complet<\/strong> :<\/p>\n<p>\ud83c\udf9f\ufe0f <strong>Si les clients choisissent le pack complet, la nuit en bivouac, la balade en chameau, le d\u00eener et le petit-d\u00e9jeuner sont inclus.<\/strong><\/p>\n<h4>\u2705 <strong>Non inclus<\/strong> :<\/h4>\n<ul>\n<li>D\u00e9jeuner du jour<\/li>\n<li>Boissons et d\u00e9penses personnelles<\/li>\n<\/ul>\n<h3><span style=\"color: #ff0000;\"><strong>\ud83d\udca1<\/strong><strong> Pourquoi choisir ce circuit ?<\/strong><\/span><\/h3>\n<p>\u2714 <strong>Parfait pour une escapade rapide dans le d\u00e9sert<\/strong><br \/>\n\u2714 <strong>Exp\u00e9rience immersive entre culture berb\u00e8re et paysages d\u00e9sertiques<\/strong><br \/>\n\u2714 <strong>Une nuit inoubliable sous les \u00e9toiles du Sahara<\/strong><\/p>\n<p>\ud83d\udcc5 <strong>R\u00e9servez d\u00e8s maintenant votre aventure saharienne !<\/strong> \ud83c\udf05\ud83d\udc2a\u2728<\/p>\n<\/div><\/div><\/div><\/div><\/div>","protected":false},"excerpt":{"rendered":"<p>Une immersion express dans le d\u00e9sert avec une balade \u00e0 dos de chameau et une nuit magique sous les \u00e9toiles. \ud83d\udccd Programme d\u00e9taill\u00e9 \ud83d\ude97 Jour 1 : F\u00e8s \u2192 Merzouga D\u00e9part t\u00f4t le matin de F\u00e8s pour une aventure inoubliable \u00e0 travers les paysages vari\u00e9s du Maroc. \ud83d\udd39 \u00c9tapes du trajet : \u2705 Ifrane \u2013 &hellip;<\/p>\n","protected":false},"author":1,"featured_media":1195,"parent":909,"menu_order":0,"comment_status":"closed","ping_status":"closed","template":"","meta":{"_acf_changed":false,"footnotes":""},"class_list":["post-1194","page","type-page","status-publish","has-post-thumbnail","hentry"],"acf":[],"_links":{"self":[{"href":"https:\/\/bachirtours.com\/tours\/wp-json\/wp\/v2\/pages\/1194","targetHints":{"allow":["GET"]}}],"collection":[{"href":"https:\/\/bachirtours.com\/tours\/wp-json\/wp\/v2\/pages"}],"about":[{"href":"https:\/\/bachirtours.com\/tours\/wp-json\/wp\/v2\/types\/page"}],"author":[{"embeddable":true,"href":"https:\/\/bachirtours.com\/tours\/wp-json\/wp\/v2\/users\/1"}],"replies":[{"embeddable":true,"href":"https:\/\/bachirtours.com\/tours\/wp-json\/wp\/v2\/comments?post=1194"}],"version-history":[{"count":8,"href":"https:\/\/bachirtours.com\/tours\/wp-json\/wp\/v2\/pages\/1194\/revisions"}],"predecessor-version":[{"id":1368,"href":"https:\/\/bachirtours.com\/tours\/wp-json\/wp\/v2\/pages\/1194\/revisions\/1368"}],"up":[{"embeddable":true,"href":"https:\/\/bachirtours.com\/tours\/wp-json\/wp\/v2\/pages\/909"}],"wp:featuredmedia":[{"embeddable":true,"href":"https:\/\/bachirtours.com\/tours\/wp-json\/wp\/v2\/media\/1195"}],"wp:attachment":[{"href":"https:\/\/bachirtours.com\/tours\/wp-json\/wp\/v2\/media?parent=1194"}],"curies":[{"name":"wp","href":"https:\/\/api.w.org\/{rel}","templated":true}]}}