{"id":1223,"date":"2025-02-14T00:20:07","date_gmt":"2025-02-13T23:20:07","guid":{"rendered":"https:\/\/bachirtours.com\/tours\/?page_id=1223"},"modified":"2025-02-22T20:34:53","modified_gmt":"2025-02-22T19:34:53","slug":"circuits-personnalises","status":"publish","type":"page","link":"https:\/\/bachirtours.com\/tours\/services\/circuits\/circuits-personnalises\/","title":{"rendered":"Circuits personnalis\u00e9s"},"content":{"rendered":"<div id=\"pl-1223\"  class=\"panel-layout\" ><div id=\"pg-1223-0\"  class=\"panel-grid panel-no-style\" ><div id=\"pgc-1223-0-0\"  class=\"panel-grid-cell\" ><div id=\"panel-1223-0-0-0\" class=\"so-panel widget widget_black-studio-tinymce widget_black_studio_tinymce panel-first-child panel-last-child\" data-index=\"0\" ><div class=\"textwidget\"><p>Envie d\u2019une aventure plus longue ? Nous cr\u00e9ons des itin\u00e9raires personnalis\u00e9s selon <strong>vos envies et besoins<\/strong>. Que vous soyez \u00e0 la recherche d\u2019une aventure tranquille ou d\u2019une exploration plus intense du d\u00e9sert et de ses environs, nous nous assurons que chaque d\u00e9tail de votre voyage correspond parfaitement \u00e0 vos attentes.<\/p>\n<h3><span style=\"color: #ff0000;\"><strong>\ud83d\udd28<\/strong><strong> Comment \u00e7a fonctionne ?<\/strong><\/span><\/h3>\n<ol>\n<li><strong>\u00c9change sur vos envies<\/strong> : Nous discutons ensemble de ce que vous recherchez, des lieux que vous souhaitez visiter et de votre budget.<\/li>\n<li><strong>Cr\u00e9ation d\u2019un itin\u00e9raire personnalis\u00e9<\/strong> : Nos experts cr\u00e9ent un circuit qui vous ressemble, avec des \u00e9tapes et des exp\u00e9riences uniques.<\/li>\n<\/ol>\n<h3><span style=\"color: #ff0000;\"><strong>\ud83c\udf1f<\/strong><strong> Pourquoi choisir un circuit sur mesure ?<\/strong><\/span><\/h3>\n<p>\u2714 <strong>Voyage totalement personnalis\u00e9 \u00e0 vos pr\u00e9f\u00e9rences<\/strong><br \/>\n\u2714 <strong>Flexibilit\u00e9 totale sur les dates, dur\u00e9e, et activit\u00e9s<\/strong><br \/>\n\u2714 <strong>Aventure unique, cr\u00e9\u00e9e sp\u00e9cialement pour vous<\/strong><\/p>\n<p>\ud83d\udcc5 <strong><a href=\"https:\/\/bachirtours.com\/tours\/contactez-nous\/\">Contactez-nous<\/a> pour concevoir votre circuit personnalis\u00e9 et commencez l\u2019aventure de votre vie !<\/strong> \ud83c\udfdc\ufe0f\ud83d\udc2a\ud83c\udf05<\/p>\n<p>&nbsp;<\/p>\n<\/div><\/div><\/div><\/div><\/div>","protected":false},"excerpt":{"rendered":"<p>Envie d\u2019une aventure plus longue ? Nous cr\u00e9ons des itin\u00e9raires personnalis\u00e9s selon vos envies et besoins. Que vous soyez \u00e0 la recherche d\u2019une aventure tranquille ou d\u2019une exploration plus intense du d\u00e9sert et de ses environs, nous nous assurons que chaque d\u00e9tail de votre voyage correspond parfaitement \u00e0 vos attentes. \ud83d\udd28 Comment \u00e7a fonctionne ? &hellip;<\/p>\n","protected":false},"author":1,"featured_media":953,"parent":909,"menu_order":0,"comment_status":"closed","ping_status":"closed","template":"","meta":{"_acf_changed":false,"footnotes":""},"class_list":["post-1223","page","type-page","status-publish","has-post-thumbnail","hentry"],"acf":[],"_links":{"self":[{"href":"https:\/\/bachirtours.com\/tours\/wp-json\/wp\/v2\/pages\/1223","targetHints":{"allow":["GET"]}}],"collection":[{"href":"https:\/\/bachirtours.com\/tours\/wp-json\/wp\/v2\/pages"}],"about":[{"href":"https:\/\/bachirtours.com\/tours\/wp-json\/wp\/v2\/types\/page"}],"author":[{"embeddable":true,"href":"https:\/\/bachirtours.com\/tours\/wp-json\/wp\/v2\/users\/1"}],"replies":[{"embeddable":true,"href":"https:\/\/bachirtours.com\/tours\/wp-json\/wp\/v2\/comments?post=1223"}],"version-history":[{"count":5,"href":"https:\/\/bachirtours.com\/tours\/wp-json\/wp\/v2\/pages\/1223\/revisions"}],"predecessor-version":[{"id":1371,"href":"https:\/\/bachirtours.com\/tours\/wp-json\/wp\/v2\/pages\/1223\/revisions\/1371"}],"up":[{"embeddable":true,"href":"https:\/\/bachirtours.com\/tours\/wp-json\/wp\/v2\/pages\/909"}],"wp:featuredmedia":[{"embeddable":true,"href":"https:\/\/bachirtours.com\/tours\/wp-json\/wp\/v2\/media\/953"}],"wp:attachment":[{"href":"https:\/\/bachirtours.com\/tours\/wp-json\/wp\/v2\/media?parent=1223"}],"curies":[{"name":"wp","href":"https:\/\/api.w.org\/{rel}","templated":true}]}}