{"id":1266,"date":"2025-02-16T18:29:57","date_gmt":"2025-02-16T17:29:57","guid":{"rendered":"https:\/\/bachirtours.com\/tours\/?page_id=1266"},"modified":"2025-02-23T18:22:00","modified_gmt":"2025-02-23T18:22:00","slug":"fes-et-ses-remparts","status":"publish","type":"page","link":"https:\/\/bachirtours.com\/tours\/services\/excursions-maroc\/fes-et-ses-remparts\/","title":{"rendered":"F\u00e8s et ses Remparts \u2013 Plong\u00e9e dans l&rsquo;Histoire"},"content":{"rendered":"<div id=\"pl-1266\"  class=\"panel-layout\" ><div id=\"pg-1266-0\"  class=\"panel-grid panel-no-style\" ><div id=\"pgc-1266-0-0\"  class=\"panel-grid-cell\" ><div id=\"panel-1266-0-0-0\" class=\"so-panel widget widget_black-studio-tinymce widget_black_studio_tinymce panel-first-child panel-last-child\" data-index=\"0\" ><div class=\"textwidget\"><p>D\u00e9couvrez F\u00e8s, la plus ancienne des villes imp\u00e9riales du Maroc, \u00e0 travers un circuit qui vous plongera au c\u0153ur de son riche patrimoine architectural et historique. Cette visite vous emm\u00e8nera \u00e0 la d\u00e9couverte de son histoire avec la visite du Palais Royal, du quartier juif, des panoramas exceptionnels (Nord\/Sud), de la Porte Bleue et des ateliers de c\u00e9ramique.<\/p>\n<p><strong>\ud83d\udccd Les Incontournables de la Visite<\/strong><\/p>\n<h3><strong>1\ufe0f<\/strong><strong>.Le Palais Royal de F\u00e8s \u2013 Une Porte Majestueuse vers l\u2019Histoire<\/strong><\/h3>\n<p><img decoding=\"async\" class=\"aligncenter wp-image-1252\" src=\"https:\/\/bachirtours.com\/tours\/wp-content\/uploads\/2025\/02\/Palais-Royal-Fes-300x198.png\" alt=\"\" width=\"600\" height=\"396\" srcset=\"https:\/\/bachirtours.com\/tours\/wp-content\/uploads\/2025\/02\/Palais-Royal-Fes-300x198.png 300w, https:\/\/bachirtours.com\/tours\/wp-content\/uploads\/2025\/02\/Palais-Royal-Fes-768x507.png 768w, https:\/\/bachirtours.com\/tours\/wp-content\/uploads\/2025\/02\/Palais-Royal-Fes.png 901w\" sizes=\"(max-width: 600px) 100vw, 600px\" \/><\/p>\n<p>Le <strong>Palais Royal de F\u00e8s<\/strong>, \u00e9galement appel\u00e9 <strong>Dar El Makhzen<\/strong>, est l\u2019un des plus grands et des plus anciens palais du Maroc. Bien que l\u2019acc\u00e8s soit r\u00e9serv\u00e9 \u00e0 la famille royale et aux hauts dignitaires, son immense porte dor\u00e9e cisel\u00e9e dans le bronze, encadr\u00e9e de mosa\u00efques et de bois de c\u00e8dre sculpt\u00e9, est un chef-d\u2019\u0153uvre architectural qui m\u00e9rite une halte.<br \/>\n<strong>Histoire<\/strong> : situ\u00e9 dans la commune de\u00a0<a href=\"https:\/\/fr.wikipedia.org\/w\/index.php?title=M%C3%A9chouar_F%C3%A8s_Jdid&amp;action=edit&amp;redlink=1\">M\u00e9chouar F\u00e8s Jdid<\/a>, \u00e0\u00a0<a href=\"https:\/\/fr.wikipedia.org\/wiki\/F%C3%A8s\">F\u00e8s<\/a>, au\u00a0<a href=\"https:\/\/fr.wikipedia.org\/wiki\/Maroc\">Maroc<\/a>. D'une surface de 80 hectares, le site int\u00e8gre le palais royal, une mosqu\u00e9e, une\u00a0<a href=\"https:\/\/fr.wikipedia.org\/wiki\/M%C3%A9dersa\">m\u00e9dersa<\/a>\u00a0(fond\u00e9e par les\u00a0<a href=\"https:\/\/fr.wikipedia.org\/wiki\/M%C3%A9rinides\">m\u00e9rinides<\/a>\u00a0en 1320) ainsi qu'une\u00a0<a href=\"https:\/\/fr.wikipedia.org\/wiki\/Place_d%27armes\">place d'armes<\/a>. Sa fa\u00e7ade sur la place des\u00a0<a href=\"https:\/\/fr.wikipedia.org\/wiki\/Dynastie_alaouite\">Alaouites<\/a>\u00a0est constitu\u00e9e d'immenses portes en\u00a0<a href=\"https:\/\/fr.wikipedia.org\/wiki\/Cuivre\">cuivre<\/a>, qui ont \u00e9t\u00e9 cisel\u00e9es par un artisan local vers 1970.<\/p>\n<h3><strong>2\ufe0f<\/strong><strong>. Mellah \u2013 L\u2019Ancien Quartier Juif de F\u00e8s<\/strong><\/h3>\n<p><img decoding=\"async\" class=\"aligncenter wp-image-1253\" src=\"https:\/\/bachirtours.com\/tours\/wp-content\/uploads\/2025\/02\/Mellah-quartier-Juif.png\" alt=\"\" width=\"600\" height=\"560\" srcset=\"https:\/\/bachirtours.com\/tours\/wp-content\/uploads\/2025\/02\/Mellah-quartier-Juif.png 702w, https:\/\/bachirtours.com\/tours\/wp-content\/uploads\/2025\/02\/Mellah-quartier-Juif-300x280.png 300w\" sizes=\"(max-width: 600px) 100vw, 600px\" \/><\/p>\n<p>&nbsp;<\/p>\n<p>Le <strong>Mellah<\/strong> est le quartier juif historique de F\u00e8s, situ\u00e9 \u00e0 proximit\u00e9 du Palais Royal. Il a \u00e9t\u00e9 fond\u00e9 au XIVe si\u00e8cle pour accueillir la communaut\u00e9 juive, qui a jou\u00e9 un r\u00f4le majeur dans l'\u00e9conomie et le commerce de la ville.<br \/>\n\ud83c\udf1f <strong>\u00c0 ne pas manquer<\/strong> :<\/p>\n<ul>\n<li>Les <strong>balcons en fer forg\u00e9<\/strong>, typiques de l\u2019architecture andalouse et unique aux quartiers juifs marocains.<\/li>\n<li>La <strong>Synagogue Ibn Danan<\/strong>, l\u2019une des plus anciennes du Maroc, magnifiquement restaur\u00e9e.<\/li>\n<li>Le <strong>cimeti\u00e8re juif<\/strong>, un lieu \u00e9mouvant qui abrite les tombes de figures importantes de la communaut\u00e9.<\/li>\n<\/ul>\n<h3><strong>3\ufe0f<\/strong><strong>.Les Points Panoramiques du Nord &amp; du Sud \u2013 Une Vue Imprenable sur F\u00e8s<\/strong><\/h3>\n<p><img decoding=\"async\" class=\"wp-image-1255 aligncenter\" src=\"https:\/\/bachirtours.com\/tours\/wp-content\/uploads\/2025\/02\/Vue-Panoramique-Fes-1-300x200.png\" alt=\"\" width=\"442\" height=\"294\" srcset=\"https:\/\/bachirtours.com\/tours\/wp-content\/uploads\/2025\/02\/Vue-Panoramique-Fes-1-300x200.png 300w, https:\/\/bachirtours.com\/tours\/wp-content\/uploads\/2025\/02\/Vue-Panoramique-Fes-1-768x512.png 768w, https:\/\/bachirtours.com\/tours\/wp-content\/uploads\/2025\/02\/Vue-Panoramique-Fes-1-360x240.png 360w, https:\/\/bachirtours.com\/tours\/wp-content\/uploads\/2025\/02\/Vue-Panoramique-Fes-1-272x182.png 272w, https:\/\/bachirtours.com\/tours\/wp-content\/uploads\/2025\/02\/Vue-Panoramique-Fes-1.png 802w\" sizes=\"(max-width: 442px) 100vw, 442px\" \/><\/p>\n<p>F\u00e8s est une ville entour\u00e9e de collines offrant des panoramas spectaculaires sur la m\u00e9dina et les remparts. Deux points de vue principaux permettent d\u2019admirer toute la grandeur de la ville :<\/p>\n<p>\ud83d\udd39 <strong>Le Borj Nord<\/strong> : Un ancien fort portugais datant du XVIe si\u00e8cle, construit sous les Saadiens, qui offre une vue imprenable sur la m\u00e9dina de F\u00e8s. Il abrite \u00e9galement un <strong>mus\u00e9e des armes<\/strong>, pr\u00e9sentant une collection unique d\u2019armes anciennes.<\/p>\n<p>\ud83d\udd39 <strong>Le Borj Sud<\/strong> : Construit \u00e0 la m\u00eame \u00e9poque pour d\u00e9fendre la ville, ce site offre une perspective diff\u00e9rente sur F\u00e8s et ses montagnes environnantes. C\u2019est un excellent spot pour observer le coucher de soleil sur la m\u00e9dina.<\/p>\n<h3><strong>4\ufe0f<\/strong><strong>.Bab Boujloud \u2013 La Porte Bleue de F\u00e8s<\/strong><\/h3>\n<p><img decoding=\"async\" class=\"aligncenter wp-image-1260\" src=\"https:\/\/bachirtours.com\/tours\/wp-content\/uploads\/2025\/02\/Bab-Boujloud-300x187.png\" alt=\"\" width=\"600\" height=\"373\" srcset=\"https:\/\/bachirtours.com\/tours\/wp-content\/uploads\/2025\/02\/Bab-Boujloud-300x187.png 300w, https:\/\/bachirtours.com\/tours\/wp-content\/uploads\/2025\/02\/Bab-Boujloud-768x478.png 768w, https:\/\/bachirtours.com\/tours\/wp-content\/uploads\/2025\/02\/Bab-Boujloud.png 805w\" sizes=\"(max-width: 600px) 100vw, 600px\" \/><\/p>\n<p><strong>Bab Boujloud<\/strong>, surnomm\u00e9e <strong>\"la Porte Bleue\"<\/strong>, est l\u2019entr\u00e9e principale de la m\u00e9dina de F\u00e8s. Construite en 1913 sous le protectorat fran\u00e7ais, elle est facilement reconnaissable gr\u00e2ce \u00e0 ses mosa\u00efques en fa\u00efence bleu et vert, symbolisant respectivement la ville et l\u2019islam.<br \/>\n<span style=\"color: #ff0000;\">\u2728 <strong>Pourquoi c\u2019est important ?<\/strong><\/span><\/p>\n<ul>\n<li>Elle marque l\u2019entr\u00e9e vers le quartier le plus anim\u00e9 de la m\u00e9dina, avec ses souks, ses ruelles pittoresques et ses monuments historiques.<\/li>\n<li>C\u2019est un excellent point de d\u00e9part pour explorer les c\u00e9l\u00e8bres <strong>madrassas<\/strong> (\u00e9coles coraniques) et les <strong>mosqu\u00e9es<\/strong> de la m\u00e9dina.<\/li>\n<\/ul>\n<h3><strong>5\ufe0f<\/strong><strong>.Les Ateliers de C\u00e9ramique \u2013 L\u2019Artisanat de F\u00e8s<\/strong><\/h3>\n<p><strong><img decoding=\"async\" class=\"aligncenter wp-image-1261\" src=\"https:\/\/bachirtours.com\/tours\/wp-content\/uploads\/2025\/02\/Poterie-Fes-300x197.png\" alt=\"\" width=\"500\" height=\"328\" srcset=\"https:\/\/bachirtours.com\/tours\/wp-content\/uploads\/2025\/02\/Poterie-Fes-300x197.png 300w, https:\/\/bachirtours.com\/tours\/wp-content\/uploads\/2025\/02\/Poterie-Fes-768x504.png 768w, https:\/\/bachirtours.com\/tours\/wp-content\/uploads\/2025\/02\/Poterie-Fes.png 865w\" sizes=\"(max-width: 500px) 100vw, 500px\" \/> <img decoding=\"async\" class=\"aligncenter wp-image-1262\" src=\"https:\/\/bachirtours.com\/tours\/wp-content\/uploads\/2025\/02\/Atelier-ceramique-Fes-300x196.png\" alt=\"\" width=\"500\" height=\"327\" srcset=\"https:\/\/bachirtours.com\/tours\/wp-content\/uploads\/2025\/02\/Atelier-ceramique-Fes-300x196.png 300w, https:\/\/bachirtours.com\/tours\/wp-content\/uploads\/2025\/02\/Atelier-ceramique-Fes-768x502.png 768w, https:\/\/bachirtours.com\/tours\/wp-content\/uploads\/2025\/02\/Atelier-ceramique-Fes.png 859w\" sizes=\"(max-width: 500px) 100vw, 500px\" \/>\u00a0<\/strong><\/p>\n<p>F\u00e8s est c\u00e9l\u00e8bre pour son artisanat, notamment sa <strong>c\u00e9ramique traditionnelle<\/strong> aux motifs bleu et blanc. Une visite dans un <strong>atelier de poterie<\/strong> permet de d\u00e9couvrir :<br \/>\n\ud83c\udfa8 <strong>Le savoir-faire ancestral<\/strong> : L\u2019art de la poterie remonte \u00e0 plusieurs si\u00e8cles et repose sur des techniques transmises de g\u00e9n\u00e9ration en g\u00e9n\u00e9ration.<br \/>\n\ud83d\udee0 <strong>Le processus de fabrication<\/strong> : Du fa\u00e7onnage \u00e0 la main, \u00e0 la cuisson dans des fours traditionnels, en passant par la d\u00e9coration minutieuse r\u00e9alis\u00e9e par des artisans experts.<br \/>\n\ud83c\udf81 <strong>Des souvenirs uniques<\/strong> : Possibilit\u00e9 d\u2019acheter des pi\u00e8ces authentiques, allant des assiettes d\u00e9coratives aux c\u00e9l\u00e8bres <strong>zelliges<\/strong>, ces mosa\u00efques qui ornent les palais et mosqu\u00e9es du Maroc.<\/p>\n<h3><span style=\"color: #339966;\"><strong>\ud83d\udd39 Ce que comprend la visite<\/strong><\/span><\/h3>\n<p>\u2705 Transport en v\u00e9hicule confortable<br \/>\n\u2705 Arr\u00eats aux principaux monuments et sites panoramiques<br \/>\n\u2705 Visite d\u2019un atelier de c\u00e9ramique<br \/>\n\u2705 Temps libre pour explorer et prendre des photos<\/p>\n<p><strong>\ud83d\udca1<span style=\"color: #ff0000;\"> Pourquoi choisir cette visite ?<\/span><\/strong><\/p>\n<p>\u2714 <strong>Un circuit complet<\/strong> pour d\u00e9couvrir l\u2019histoire, l\u2019architecture et l\u2019artisanat de F\u00e8s.<br \/>\n\u2714 <strong>Des points de vue spectaculaires<\/strong> pour capturer les plus belles photos de la m\u00e9dina.<br \/>\n\u2714 <strong>Une immersion culturelle<\/strong> avec la visite d\u2019un quartier juif historique et d\u2019ateliers artisanaux.<\/p>\n<p>\ud83d\udd39 <strong>Dur\u00e9e<\/strong> : Environ 2 heures<br \/>\n\ud83d\udd39 <strong>D\u00e9part<\/strong> : Matin ou apr\u00e8s-midi<br \/>\n\ud83d\udd39 <strong>Disponibilit\u00e9<\/strong> : Tous les jours<\/p>\n<p>\u2728 <strong>R\u00e9servez votre visite et plongez dans l\u2019histoire fascinante de F\u00e8s !<\/strong> \u2728<\/p>\n<\/div><\/div><\/div><\/div><\/div>","protected":false},"excerpt":{"rendered":"<p>D\u00e9couvrez F\u00e8s, la plus ancienne des villes imp\u00e9riales du Maroc, \u00e0 travers un circuit qui vous plongera au c\u0153ur de son riche patrimoine architectural et historique. Cette visite vous emm\u00e8nera \u00e0 la d\u00e9couverte de son histoire avec la visite du Palais Royal, du quartier juif, des panoramas exceptionnels (Nord\/Sud), de la Porte Bleue et des &hellip;<\/p>\n","protected":false},"author":1,"featured_media":1252,"parent":78,"menu_order":0,"comment_status":"closed","ping_status":"closed","template":"","meta":{"_acf_changed":false,"footnotes":""},"class_list":["post-1266","page","type-page","status-publish","has-post-thumbnail","hentry"],"acf":[],"_links":{"self":[{"href":"https:\/\/bachirtours.com\/tours\/wp-json\/wp\/v2\/pages\/1266","targetHints":{"allow":["GET"]}}],"collection":[{"href":"https:\/\/bachirtours.com\/tours\/wp-json\/wp\/v2\/pages"}],"about":[{"href":"https:\/\/bachirtours.com\/tours\/wp-json\/wp\/v2\/types\/page"}],"author":[{"embeddable":true,"href":"https:\/\/bachirtours.com\/tours\/wp-json\/wp\/v2\/users\/1"}],"replies":[{"embeddable":true,"href":"https:\/\/bachirtours.com\/tours\/wp-json\/wp\/v2\/comments?post=1266"}],"version-history":[{"count":8,"href":"https:\/\/bachirtours.com\/tours\/wp-json\/wp\/v2\/pages\/1266\/revisions"}],"predecessor-version":[{"id":1379,"href":"https:\/\/bachirtours.com\/tours\/wp-json\/wp\/v2\/pages\/1266\/revisions\/1379"}],"up":[{"embeddable":true,"href":"https:\/\/bachirtours.com\/tours\/wp-json\/wp\/v2\/pages\/78"}],"wp:featuredmedia":[{"embeddable":true,"href":"https:\/\/bachirtours.com\/tours\/wp-json\/wp\/v2\/media\/1252"}],"wp:attachment":[{"href":"https:\/\/bachirtours.com\/tours\/wp-json\/wp\/v2\/media?parent=1266"}],"curies":[{"name":"wp","href":"https:\/\/api.w.org\/{rel}","templated":true}]}}