{"id":1294,"date":"2025-02-16T18:03:24","date_gmt":"2025-02-16T17:03:24","guid":{"rendered":"https:\/\/bachirtours.com\/tours\/?page_id=1294"},"modified":"2025-02-23T18:28:17","modified_gmt":"2025-02-23T18:28:17","slug":"chefchaouen-la-perle-bleue","status":"publish","type":"page","link":"https:\/\/bachirtours.com\/tours\/services\/excursions-maroc\/chefchaouen-la-perle-bleue\/","title":{"rendered":"Chefchaouen, la Perle Bleue"},"content":{"rendered":"<div id=\"pl-1294\"  class=\"panel-layout\" ><div id=\"pg-1294-0\"  class=\"panel-grid panel-no-style\" ><div id=\"pgc-1294-0-0\"  class=\"panel-grid-cell\" ><div id=\"panel-1294-0-0-0\" class=\"so-panel widget widget_black-studio-tinymce widget_black_studio_tinymce panel-first-child panel-last-child\" data-index=\"0\" ><div class=\"textwidget\"><p>Perch\u00e9e dans les montagnes du <strong>Rif<\/strong>, Chefchaouen est l\u2019une des villes les plus <strong>photog\u00e9niques et fascinantes du Maroc<\/strong>. Connue pour ses <strong>ruelles bleues pittoresques<\/strong>, son atmosph\u00e8re paisible et ses paysages \u00e0 couper le souffle, cette ville offre une <strong>exp\u00e9rience unique alliant culture, histoire et nature<\/strong>.<\/p>\n<p><strong>\ud83d\udccd<\/strong><strong> Les \u00c9tapes de l\u2019Excursion<\/strong><\/p>\n<h3><strong>1\ufe0f<\/strong><strong>.<\/strong><strong>D\u00e9couverte de la M\u00e9dina et ses Ruelles Bleues<\/strong><\/h3>\n<p><strong><img decoding=\"async\" class=\"aligncenter wp-image-1296\" src=\"https:\/\/bachirtours.com\/tours\/wp-content\/uploads\/2025\/02\/Chefchaouen-Ruelles-bleu.png\" alt=\"\" width=\"600\" height=\"307\" srcset=\"https:\/\/bachirtours.com\/tours\/wp-content\/uploads\/2025\/02\/Chefchaouen-Ruelles-bleu.png 949w, https:\/\/bachirtours.com\/tours\/wp-content\/uploads\/2025\/02\/Chefchaouen-Ruelles-bleu-300x154.png 300w, https:\/\/bachirtours.com\/tours\/wp-content\/uploads\/2025\/02\/Chefchaouen-Ruelles-bleu-768x393.png 768w\" sizes=\"(max-width: 600px) 100vw, 600px\" \/><\/strong><\/p>\n<p><strong><img decoding=\"async\" class=\"aligncenter wp-image-1297\" src=\"https:\/\/bachirtours.com\/tours\/wp-content\/uploads\/2025\/02\/Chefchaouen-1.png\" alt=\"\" width=\"600\" height=\"628\" srcset=\"https:\/\/bachirtours.com\/tours\/wp-content\/uploads\/2025\/02\/Chefchaouen-1.png 631w, https:\/\/bachirtours.com\/tours\/wp-content\/uploads\/2025\/02\/Chefchaouen-1-287x300.png 287w\" sizes=\"(max-width: 600px) 100vw, 600px\" \/> <img decoding=\"async\" class=\"aligncenter wp-image-1298\" src=\"https:\/\/bachirtours.com\/tours\/wp-content\/uploads\/2025\/02\/Chefchaouen.png\" alt=\"\" width=\"600\" height=\"768\" srcset=\"https:\/\/bachirtours.com\/tours\/wp-content\/uploads\/2025\/02\/Chefchaouen.png 505w, https:\/\/bachirtours.com\/tours\/wp-content\/uploads\/2025\/02\/Chefchaouen-235x300.png 235w\" sizes=\"(max-width: 600px) 100vw, 600px\" \/><\/strong>Chefchaouen est c\u00e9l\u00e8bre pour sa <strong>m\u00e9dina enti\u00e8rement peinte en bleu<\/strong>, cr\u00e9ant une atmosph\u00e8re sereine et f\u00e9erique. Une promenade \u00e0 travers ses ruelles vous transportera dans un monde de <strong>couleurs, de senteurs et de traditions artisanales<\/strong>.<\/p>\n<p>\ud83d\udd39 <strong>Ce que vous allez d\u00e9couvrir :<\/strong><\/p>\n<ul>\n<li><strong>Les Ruelles Bleues<\/strong> \u2013 parfaites pour des photos inoubliables \ud83d\udcf8<\/li>\n<li><strong>Les Souks et l\u2019Artisanat Local<\/strong> \u2013 tapis berb\u00e8res, poteries, et produits \u00e0 base de c\u00e8dre et de lavande<\/li>\n<li><strong>Les Maisons aux Portes et Fen\u00eatres Sculpt\u00e9es<\/strong> \u2013 un chef-d\u2019\u0153uvre architectural<\/li>\n<\/ul>\n<p>\u2728 <strong>Pourquoi visiter la m\u00e9dina ?<\/strong><br \/>\nC\u2019est un lieu <strong>paisible et magique<\/strong>, o\u00f9 chaque coin de rue raconte une histoire.<\/p>\n<h3><strong>2\ufe0f<\/strong><strong>.<\/strong><strong>La Place Outa El Hammam et la Kasbah <\/strong><\/h3>\n<h3><strong> <img decoding=\"async\" class=\"aligncenter wp-image-1302\" src=\"https:\/\/bachirtours.com\/tours\/wp-content\/uploads\/2025\/02\/Place-Outa-Hmam.png\" alt=\"\" width=\"600\" height=\"403\" srcset=\"https:\/\/bachirtours.com\/tours\/wp-content\/uploads\/2025\/02\/Place-Outa-Hmam.png 804w, https:\/\/bachirtours.com\/tours\/wp-content\/uploads\/2025\/02\/Place-Outa-Hmam-300x201.png 300w, https:\/\/bachirtours.com\/tours\/wp-content\/uploads\/2025\/02\/Place-Outa-Hmam-768x516.png 768w, https:\/\/bachirtours.com\/tours\/wp-content\/uploads\/2025\/02\/Place-Outa-Hmam-272x182.png 272w\" sizes=\"(max-width: 600px) 100vw, 600px\" \/><\/strong><\/h3>\n<p>Le c\u0153ur vibrant de Chefchaouen est <strong>la place Outa El Hammam<\/strong>, entour\u00e9e de <strong>caf\u00e9s traditionnels<\/strong> o\u00f9 vous pourrez d\u00e9guster un th\u00e9 \u00e0 la menthe tout en profitant de l\u2019ambiance.<\/p>\n<p><img decoding=\"async\" class=\"aligncenter wp-image-1303\" src=\"https:\/\/bachirtours.com\/tours\/wp-content\/uploads\/2025\/02\/Place-Outa-El-Hammam.png\" alt=\"\" width=\"600\" height=\"369\" srcset=\"https:\/\/bachirtours.com\/tours\/wp-content\/uploads\/2025\/02\/Place-Outa-El-Hammam.png 819w, https:\/\/bachirtours.com\/tours\/wp-content\/uploads\/2025\/02\/Place-Outa-El-Hammam-300x185.png 300w, https:\/\/bachirtours.com\/tours\/wp-content\/uploads\/2025\/02\/Place-Outa-El-Hammam-768x473.png 768w\" sizes=\"(max-width: 600px) 100vw, 600px\" \/><\/p>\n<p>\ud83d\udd39 <strong>Ce que vous allez d\u00e9couvrir :<\/strong><\/p>\n<ul>\n<li><strong>La Kasbah du XVe si\u00e8cle<\/strong> \u2013 une forteresse historique avec un <strong>jardin paisible<\/strong> et un <strong>petit mus\u00e9e<\/strong><\/li>\n<li><strong>La Mosqu\u00e9e Espagnole<\/strong> \u2013 un point de vue exceptionnel sur toute la ville et les montagnes<\/li>\n<\/ul>\n<p>\u2728 <strong>Pourquoi visiter la Kasbah ?<\/strong><br \/>\nC\u2019est un lieu <strong>riche en histoire et en culture<\/strong>, offrant une vue <strong>panoramique sur la m\u00e9dina<\/strong>.<\/p>\n<h3><strong>3\ufe0f<\/strong><strong>.<\/strong><strong>La Nature Environnante <\/strong><strong>\ud83c\udf3f<\/strong><\/h3>\n<p>Chefchaouen est entour\u00e9e de <strong>montagnes verdoyantes<\/strong>, parfaites pour une balade en pleine nature.<\/p>\n<p>\ud83d\udd39 <strong>Ce que vous allez d\u00e9couvrir :<\/strong><\/p>\n<ul>\n<li><strong>Ras El Ma<\/strong> \u2013 une source d\u2019eau naturelle o\u00f9 les habitants viennent laver leurs tapis<\/li>\n<li><strong>Les Montagnes du Rif<\/strong> \u2013 id\u00e9ales pour une randonn\u00e9e offrant des panoramas splendides<\/li>\n<\/ul>\n<p>\u2728 <strong>Pourquoi explorer la nature autour de Chefchaouen ?<\/strong><br \/>\nC\u2019est <strong>un havre de paix<\/strong>, id\u00e9al pour se ressourcer et profiter d\u2019un <strong>air pur<\/strong> loin des grandes villes.<\/p>\n<p><strong>\ud83d\ude8c<\/strong><strong> Informations Pratiques<\/strong><\/p>\n<p>\u2705 <strong>D\u00e9part<\/strong> : Depuis F\u00e8s (matin)<br \/>\n\u2705 <strong>Dur\u00e9e<\/strong> : Journ\u00e9e compl\u00e8te (aller-retour)<br \/>\n\u2705 <strong>Inclus<\/strong> :<\/p>\n<ul>\n<li>Transport confortable avec chauffeur<\/li>\n<\/ul>\n<p>\u2705 <strong>Non inclus<\/strong> :<\/p>\n<ul>\n<li>D\u00e9jeuner<\/li>\n<\/ul>\n<p><strong>\ud83d\udca1<\/strong><strong> Pourquoi choisir cette excursion ?<\/strong><\/p>\n<p>\u2714 <strong>Une ville magique et relaxante<\/strong>, parfaite pour les amateurs de photographie \ud83d\udcf8<br \/>\n\u2714 <strong>Un m\u00e9lange d\u2019histoire, de culture et de nature<\/strong> \ud83c\udf3f<br \/>\n\u2714 <strong>Une escapade id\u00e9ale pour une journ\u00e9e de d\u00e9tente et de d\u00e9couverte<\/strong><\/p>\n<p>\ud83d\udcc5 <strong>R\u00e9servez d\u00e8s maintenant et laissez-vous envo\u00fbter par la Perle Bleue !<\/strong> \ud83d\udc99\u2728<\/p>\n<\/div><\/div><\/div><\/div><\/div>","protected":false},"excerpt":{"rendered":"<p>Perch\u00e9e dans les montagnes du Rif, Chefchaouen est l\u2019une des villes les plus photog\u00e9niques et fascinantes du Maroc. Connue pour ses ruelles bleues pittoresques, son atmosph\u00e8re paisible et ses paysages \u00e0 couper le souffle, cette ville offre une exp\u00e9rience unique alliant culture, histoire et nature. \ud83d\udccd Les \u00c9tapes de l\u2019Excursion 1\ufe0f.D\u00e9couverte de la M\u00e9dina et &hellip;<\/p>\n","protected":false},"author":1,"featured_media":1296,"parent":78,"menu_order":0,"comment_status":"closed","ping_status":"closed","template":"","meta":{"_acf_changed":false,"footnotes":""},"class_list":["post-1294","page","type-page","status-publish","has-post-thumbnail","hentry"],"acf":[],"_links":{"self":[{"href":"https:\/\/bachirtours.com\/tours\/wp-json\/wp\/v2\/pages\/1294","targetHints":{"allow":["GET"]}}],"collection":[{"href":"https:\/\/bachirtours.com\/tours\/wp-json\/wp\/v2\/pages"}],"about":[{"href":"https:\/\/bachirtours.com\/tours\/wp-json\/wp\/v2\/types\/page"}],"author":[{"embeddable":true,"href":"https:\/\/bachirtours.com\/tours\/wp-json\/wp\/v2\/users\/1"}],"replies":[{"embeddable":true,"href":"https:\/\/bachirtours.com\/tours\/wp-json\/wp\/v2\/comments?post=1294"}],"version-history":[{"count":11,"href":"https:\/\/bachirtours.com\/tours\/wp-json\/wp\/v2\/pages\/1294\/revisions"}],"predecessor-version":[{"id":1384,"href":"https:\/\/bachirtours.com\/tours\/wp-json\/wp\/v2\/pages\/1294\/revisions\/1384"}],"up":[{"embeddable":true,"href":"https:\/\/bachirtours.com\/tours\/wp-json\/wp\/v2\/pages\/78"}],"wp:featuredmedia":[{"embeddable":true,"href":"https:\/\/bachirtours.com\/tours\/wp-json\/wp\/v2\/media\/1296"}],"wp:attachment":[{"href":"https:\/\/bachirtours.com\/tours\/wp-json\/wp\/v2\/media?parent=1294"}],"curies":[{"name":"wp","href":"https:\/\/api.w.org\/{rel}","templated":true}]}}