{"id":1306,"date":"2025-02-16T18:20:34","date_gmt":"2025-02-16T17:20:34","guid":{"rendered":"https:\/\/bachirtours.com\/tours\/?page_id=1306"},"modified":"2025-02-23T18:31:28","modified_gmt":"2025-02-23T18:31:28","slug":"rabat-la-capitale-administrative","status":"publish","type":"page","link":"https:\/\/bachirtours.com\/tours\/services\/excursions-maroc\/rabat-la-capitale-administrative\/","title":{"rendered":"\ud83c\udfdb\ufe0f Rabat, la Capitale Administrative"},"content":{"rendered":"<div id=\"pl-1306\"  class=\"panel-layout\" ><div id=\"pg-1306-0\"  class=\"panel-grid panel-no-style\" ><div id=\"pgc-1306-0-0\"  class=\"panel-grid-cell\" ><div id=\"panel-1306-0-0-0\" class=\"so-panel widget widget_black-studio-tinymce widget_black_studio_tinymce panel-first-child panel-last-child\" data-index=\"0\" ><h3 class=\"widget-title\"><span class=\"widget-title__inline\">Entre Histoire et Modernit\u00e9 \ud83c\udf0a<\/span><\/h3><div class=\"textwidget\"><p>D\u00e9couvrez <strong>Rabat<\/strong>, la capitale du Maroc, o\u00f9 <strong>histoire et modernit\u00e9<\/strong> se rencontrent. Ville imp\u00e9riale et si\u00e8ge du gouvernement, Rabat offre un m\u00e9lange unique de <strong>monuments historiques, d\u2019architecture andalouse et de vues imprenables sur l\u2019Atlantique<\/strong>.<\/p>\n<p><strong>\ud83d\udccd<\/strong><strong> Les \u00c9tapes de l\u2019Excursion<\/strong><\/p>\n<h3><strong>1\ufe0f<\/strong><strong>.<\/strong><strong>La Tour Hassan \u2013 Un Monument Inachev\u00e9 Mais Majestueux <\/strong><\/h3>\n<h3><strong> <img decoding=\"async\" class=\"aligncenter wp-image-1308\" src=\"https:\/\/bachirtours.com\/tours\/wp-content\/uploads\/2025\/02\/Tour-Hassan.png\" alt=\"\" width=\"600\" height=\"360\" srcset=\"https:\/\/bachirtours.com\/tours\/wp-content\/uploads\/2025\/02\/Tour-Hassan.png 792w, https:\/\/bachirtours.com\/tours\/wp-content\/uploads\/2025\/02\/Tour-Hassan-300x180.png 300w, https:\/\/bachirtours.com\/tours\/wp-content\/uploads\/2025\/02\/Tour-Hassan-768x461.png 768w\" sizes=\"(max-width: 600px) 100vw, 600px\" \/><\/strong><\/h3>\n<p>Vestige d\u2019un projet inachev\u00e9 du sultan Yacoub al-Mansour au XIIe si\u00e8cle, la <strong>Tour Hassan<\/strong> devait \u00eatre le plus grand minaret du monde musulman. Aujourd\u2019hui, ses imposantes colonnes en font un site incontournable de Rabat.<\/p>\n<p><span style=\"color: #ff0000;\">\u2728 <strong>Pourquoi visiter la Tour Hassan ?<\/strong><\/span><br \/>\nC\u2019est l\u2019un des <strong>symboles de Rabat<\/strong>, charg\u00e9 d\u2019histoire et offrant un panorama unique.<\/p>\n<h3><strong>2\ufe0f<\/strong><strong>.<\/strong><strong>Le Mausol\u00e9e Mohammed V \u2013 Un Joyau de l\u2019Architecture Marocaine <\/strong><strong>\u26ea<\/strong><\/h3>\n<p><img decoding=\"async\" class=\"aligncenter wp-image-1310\" src=\"https:\/\/bachirtours.com\/tours\/wp-content\/uploads\/2025\/02\/Mausolee-Mohammed-V.png\" alt=\"\" width=\"600\" height=\"304\" srcset=\"https:\/\/bachirtours.com\/tours\/wp-content\/uploads\/2025\/02\/Mausolee-Mohammed-V.png 811w, https:\/\/bachirtours.com\/tours\/wp-content\/uploads\/2025\/02\/Mausolee-Mohammed-V-300x152.png 300w, https:\/\/bachirtours.com\/tours\/wp-content\/uploads\/2025\/02\/Mausolee-Mohammed-V-768x389.png 768w\" sizes=\"(max-width: 600px) 100vw, 600px\" \/><\/p>\n<p>Juste \u00e0 c\u00f4t\u00e9 de la Tour Hassan, le <strong>Mausol\u00e9e Mohammed V<\/strong> abrite les tombes du roi Mohammed V et de ses fils, Hassan II et Moulay Abdellah. Ce chef-d\u2019\u0153uvre de l\u2019<strong>architecture marocaine traditionnelle<\/strong> est une v\u00e9ritable merveille \u00e0 visiter.<\/p>\n<p>\ud83d\udd39 <strong>Ce que vous allez d\u00e9couvrir :<\/strong><\/p>\n<ul>\n<li><strong>Une magnifique architecture en marbre blanc<\/strong> et zelliges raffin\u00e9s<\/li>\n<li><strong>Un toit en tuiles vertes<\/strong>, couleur royale de l\u2019Islam<\/li>\n<li><strong>Les tombes des souverains<\/strong>, sous la surveillance de gardes royaux en tenue traditionnelle<\/li>\n<\/ul>\n<p><span style=\"color: #ff0000;\">\u2728 <strong>Pourquoi visiter le Mausol\u00e9e ?<\/strong><\/span><br \/>\nUn lieu <strong>paisible et impressionnant<\/strong>, t\u00e9moin de l\u2019histoire moderne du Maroc.<\/p>\n<p><strong>3\ufe0f<\/strong><strong>.<\/strong><strong>La Kasbah des Oudayas \u2013 Un Quartier Andalous Face \u00e0 l\u2019Atlantique <\/strong><strong>\ud83c\udf0a<\/strong><\/p>\n<p>La <strong>Kasbah des Oudayas<\/strong>, perch\u00e9e sur une colline, est un <strong>v\u00e9ritable havre de paix<\/strong> avec ses ruelles blanchies \u00e0 la chaux et ses portes bleues rappelant Chefchaouen.<\/p>\n<p>\ud83d\udd39 <strong>Ce que vous allez d\u00e9couvrir :<\/strong><\/p>\n<ul>\n<li><strong>Une balade dans les ruelles pittoresques<\/strong> d\u2019un ancien fort andalou<\/li>\n<li><strong>Le Jardin Andalou<\/strong>, un espace calme et fleuri<\/li>\n<li><strong>Une vue imprenable sur l\u2019oc\u00e9an Atlantique et Sal\u00e9<\/strong><\/li>\n<\/ul>\n<p><span style=\"color: #ff0000;\">\u2728 <strong>Pourquoi visiter la Kasbah ?<\/strong><\/span><br \/>\nC\u2019est l\u2019un des <strong>endroits les plus photog\u00e9niques de Rabat<\/strong>, parfait pour une pause th\u00e9 \u00e0 la menthe avec une vue spectaculaire.<\/p>\n<h3><strong>4\ufe0f<\/strong><strong>.<\/strong><strong>La Kasbah de Chellah \u2013 Un Site Arch\u00e9ologique Myst\u00e9rieux <\/strong><strong>\ud83c\udfdb\ufe0f<\/strong><\/h3>\n<p><img decoding=\"async\" class=\"aligncenter wp-image-1311\" src=\"https:\/\/bachirtours.com\/tours\/wp-content\/uploads\/2025\/02\/Kasbah-des-Oudayas.png\" alt=\"\" width=\"600\" height=\"401\" srcset=\"https:\/\/bachirtours.com\/tours\/wp-content\/uploads\/2025\/02\/Kasbah-des-Oudayas.png 796w, https:\/\/bachirtours.com\/tours\/wp-content\/uploads\/2025\/02\/Kasbah-des-Oudayas-300x201.png 300w, https:\/\/bachirtours.com\/tours\/wp-content\/uploads\/2025\/02\/Kasbah-des-Oudayas-768x513.png 768w, https:\/\/bachirtours.com\/tours\/wp-content\/uploads\/2025\/02\/Kasbah-des-Oudayas-360x240.png 360w, https:\/\/bachirtours.com\/tours\/wp-content\/uploads\/2025\/02\/Kasbah-des-Oudayas-272x182.png 272w\" sizes=\"(max-width: 600px) 100vw, 600px\" \/><\/p>\n<p>Nich\u00e9e sur une colline surplombant le fleuve Bouregreg, la <strong>Kasbah de Chellah<\/strong> est un site fascinant qui m\u00eale <strong>ruines romaines et vestiges m\u00e9di\u00e9vaux<\/strong>.<\/p>\n<p>\ud83d\udd39 <strong>Ce que vous allez d\u00e9couvrir :<\/strong><\/p>\n<ul>\n<li><strong>Les ruines de l\u2019ancienne ville romaine de Sala Colonia<\/strong><\/li>\n<li><strong>Un n\u00e9cropole m\u00e9rinide<\/strong>, avec des tombes royales<\/li>\n<li><strong>Une ambiance mystique<\/strong>, o\u00f9 cigognes et v\u00e9g\u00e9tation luxuriante cr\u00e9ent un cadre enchanteur<\/li>\n<\/ul>\n<p><span style=\"color: #ff0000;\">\u2728 <strong>Pourquoi visiter Chellah ?<\/strong><\/span><br \/>\nC\u2019est <strong>un lieu hors du temps<\/strong>, parfait pour les amateurs d\u2019histoire et de photographie.<\/p>\n<p><img decoding=\"async\" class=\"aligncenter size-full wp-image-1312\" src=\"https:\/\/bachirtours.com\/tours\/wp-content\/uploads\/2025\/02\/Kasbah-des-Challah.png\" alt=\"\" width=\"559\" height=\"658\" srcset=\"https:\/\/bachirtours.com\/tours\/wp-content\/uploads\/2025\/02\/Kasbah-des-Challah.png 559w, https:\/\/bachirtours.com\/tours\/wp-content\/uploads\/2025\/02\/Kasbah-des-Challah-255x300.png 255w\" sizes=\"(max-width: 559px) 100vw, 559px\" \/><\/p>\n<p><strong>\ud83d\ude8c<\/strong><strong> Informations Pratiques<\/strong><\/p>\n<p>\u2705 <strong>D\u00e9part<\/strong> : Depuis F\u00e8s (matin)<br \/>\n\u2705 <strong>Dur\u00e9e<\/strong> : Journ\u00e9e compl\u00e8te (aller-retour)<br \/>\n\u2705 <strong>Inclus<\/strong> :<\/p>\n<ul>\n<li>Transport confortable avec chauffeur<\/li>\n<li>Visite de la Tour Hassan, du Mausol\u00e9e, de la Kasbah des Oudayas et de Chellah<br \/>\n\u2705 <strong>Non inclus<\/strong> :<\/li>\n<li>D\u00e9jeuner<\/li>\n<li>Entr\u00e9es aux mus\u00e9es et monuments payants<\/li>\n<\/ul>\n<p><span style=\"color: #ff0000;\"><strong>\ud83d\udca1<\/strong><strong> Pourquoi choisir cette excursion ?<\/strong><\/span><\/p>\n<p>\u2714 <strong>Une ville imp\u00e9riale et moderne<\/strong>, \u00e0 la crois\u00e9e de l\u2019histoire et de l\u2019avenir du Maroc<br \/>\n\u2714 <strong>Des monuments impressionnants et riches en histoire<\/strong><br \/>\n\u2714 <strong>Un cadre magnifique entre oc\u00e9an, fleuve et jardins historiques<\/strong><\/p>\n<p>\ud83d\udcc5 <strong>R\u00e9servez votre visite de Rabat et plongez dans l\u2019histoire du Maroc !<\/strong> \ud83c\udff0\u2728<\/p>\n<\/div><\/div><\/div><\/div><\/div>","protected":false},"excerpt":{"rendered":"<p>D\u00e9couvrez Rabat, la capitale du Maroc, o\u00f9 histoire et modernit\u00e9 se rencontrent. Ville imp\u00e9riale et si\u00e8ge du gouvernement, Rabat offre un m\u00e9lange unique de monuments historiques, d\u2019architecture andalouse et de vues imprenables sur l\u2019Atlantique. \ud83d\udccd Les \u00c9tapes de l\u2019Excursion 1\ufe0f.La Tour Hassan \u2013 Un Monument Inachev\u00e9 Mais Majestueux Vestige d\u2019un projet inachev\u00e9 du sultan Yacoub &hellip;<\/p>\n","protected":false},"author":1,"featured_media":1308,"parent":78,"menu_order":0,"comment_status":"closed","ping_status":"closed","template":"","meta":{"_acf_changed":false,"footnotes":""},"class_list":["post-1306","page","type-page","status-publish","has-post-thumbnail","hentry"],"acf":[],"_links":{"self":[{"href":"https:\/\/bachirtours.com\/tours\/wp-json\/wp\/v2\/pages\/1306","targetHints":{"allow":["GET"]}}],"collection":[{"href":"https:\/\/bachirtours.com\/tours\/wp-json\/wp\/v2\/pages"}],"about":[{"href":"https:\/\/bachirtours.com\/tours\/wp-json\/wp\/v2\/types\/page"}],"author":[{"embeddable":true,"href":"https:\/\/bachirtours.com\/tours\/wp-json\/wp\/v2\/users\/1"}],"replies":[{"embeddable":true,"href":"https:\/\/bachirtours.com\/tours\/wp-json\/wp\/v2\/comments?post=1306"}],"version-history":[{"count":4,"href":"https:\/\/bachirtours.com\/tours\/wp-json\/wp\/v2\/pages\/1306\/revisions"}],"predecessor-version":[{"id":1385,"href":"https:\/\/bachirtours.com\/tours\/wp-json\/wp\/v2\/pages\/1306\/revisions\/1385"}],"up":[{"embeddable":true,"href":"https:\/\/bachirtours.com\/tours\/wp-json\/wp\/v2\/pages\/78"}],"wp:featuredmedia":[{"embeddable":true,"href":"https:\/\/bachirtours.com\/tours\/wp-json\/wp\/v2\/media\/1308"}],"wp:attachment":[{"href":"https:\/\/bachirtours.com\/tours\/wp-json\/wp\/v2\/media?parent=1306"}],"curies":[{"name":"wp","href":"https:\/\/api.w.org\/{rel}","templated":true}]}}