{"id":232,"date":"2015-05-07T13:27:36","date_gmt":"2015-05-07T13:27:36","guid":{"rendered":"https:\/\/xml-io.proteusthemes.com\/cargopress\/?page_id=232"},"modified":"2020-03-25T12:19:07","modified_gmt":"2020-03-25T12:19:07","slug":"a-propos","status":"publish","type":"page","link":"https:\/\/bachirtours.com\/tours\/a-propos\/","title":{"rendered":"A propos"},"content":{"rendered":"<div id=\"pl-232\"  class=\"panel-layout\" ><div id=\"pg-232-0\"  class=\"panel-grid panel-no-style\" ><div id=\"pgc-232-0-0\"  class=\"panel-grid-cell\" ><div id=\"panel-232-0-0-0\" class=\"so-panel widget widget_black-studio-tinymce widget_black_studio_tinymce panel-first-child panel-last-child\" data-index=\"0\" ><h3 class=\"widget-title\"><span class=\"widget-title__inline\">L\u2019\u00e9quipe BACHIR TOURS met \u00e0 votre disposition tout son savoir-faire pour vous assurer des prestations de service de qualit\u00e9.<\/span><\/h3><div class=\"textwidget\"><p><strong>Bachir &amp; Fr\u00e8re Tours<\/strong> et une agence install\u00e9 a F\u00e8s , met \u00e0 votre disposition du v\u00e9hicule de votre choix.<br \/>\nBachir &amp; Fr\u00e8re Tours vous propose tous les v\u00e9hicules \u00e0 tous genre. Particulier ou Entreprise, nous avons une r\u00e9ponse \u00e0 votre besoin o\u00f9 vous voulez et quand vous voulez. Pratique, s\u00fbre et sans souci, la location v\u00e9hicule courte dur\u00e9e Record Cars est la solution id\u00e9ale pour vos besoins ponctuels :v\u00e9hicule de courtoisie, d\u00e9placements professionnels, d\u00e9m\u00e9nagements, week-ends en famille ou tout simplement pour le plaisir de rouler dans les mod\u00e8les voiture de votre choix.<\/p>\n<p>L\u2019\u00e9quipe <strong>BACHIR TOURS<\/strong> met \u00e0 votre disposition tout son savoir-faire pour vous assurer des prestations de service de qualit\u00e9. Nous travaillons aussi bien avec les particuliers qu\u2019avec les professionnels, nous sommes \u00e0 votre disposition pour toutes vos excursions, tourisme d\u2019affaires et transfert. Gr\u00e2ce \u00e0 notre professionnalisme, notre ponctualit\u00e9 et une \u00e9quipe de conducteurs qualifi\u00e9s, exp\u00e9riment\u00e9s et impliqu\u00e9s dans une d\u00e9marche de l\u2019am\u00e9lioration continue, nous nous engageons \u00e0 vous offrir le confort dont vous aurez besoin lors de vos voyages.<\/p>\n<h3>Nos points Fort<\/h3>\n<p>Nos chauffeurs connaissent parfaitement la r\u00e9gion Occitanie, les grands magasins ainsi que les bonnes adresses gastronomiques.<\/p>\n<p>Votre chauffeur vous attendra le temps n\u00e9cessaire pour rendre agr\u00e9able vos d\u00e9placements.<\/p>\n<p>Notre but est votre satisfaction, c\u2019est pourquoi nous travaillons chaque jour pour nous am\u00e9liorer.<\/p>\n<p>Nous sommes \u00e0 votre \u00e9coute, pour toute demande particuli\u00e8re et nous restons \u00e0 votre disposition.<\/p>\n<p><strong>Un client satisfait est la meilleur des publicit\u00e9s\u00a0<\/strong><\/p>\n<\/div><\/div><\/div><div id=\"pgc-232-0-1\"  class=\"panel-grid-cell\" ><div id=\"panel-232-0-1-0\" class=\"so-panel widget widget_black-studio-tinymce widget_black_studio_tinymce panel-first-child panel-last-child\" data-index=\"1\" ><div class=\"textwidget\"><p><img decoding=\"async\" class=\"alignnone wp-image-865 size-full\" src=\"http:\/\/bachirtours.com\/tours\/wp-content\/uploads\/2020\/03\/bachir.jpg\" alt=\"\" width=\"652\" height=\"488\" srcset=\"https:\/\/bachirtours.com\/tours\/wp-content\/uploads\/2020\/03\/bachir.jpg 652w, https:\/\/bachirtours.com\/tours\/wp-content\/uploads\/2020\/03\/bachir-300x225.jpg 300w\" sizes=\"(max-width: 652px) 100vw, 652px\" \/><\/p>\n<p><img decoding=\"async\" class=\"alignnone wp-image-866 \" src=\"http:\/\/bachirtours.com\/tours\/wp-content\/uploads\/2020\/03\/bachir2.jpg\" alt=\"\" width=\"654\" height=\"487\" srcset=\"https:\/\/bachirtours.com\/tours\/wp-content\/uploads\/2020\/03\/bachir2.jpg 773w, https:\/\/bachirtours.com\/tours\/wp-content\/uploads\/2020\/03\/bachir2-300x224.jpg 300w, https:\/\/bachirtours.com\/tours\/wp-content\/uploads\/2020\/03\/bachir2-768x572.jpg 768w\" sizes=\"(max-width: 654px) 100vw, 654px\" \/><\/p>\n<\/div><\/div><\/div><\/div><\/div>","protected":false},"excerpt":{"rendered":"<p>Bachir &amp; Fr\u00e8re Tours et une agence install\u00e9 a F\u00e8s , met \u00e0 votre disposition du v\u00e9hicule de votre choix. Bachir &amp; Fr\u00e8re Tours vous propose tous les v\u00e9hicules \u00e0 tous genre. Particulier ou Entreprise, nous avons une r\u00e9ponse \u00e0 votre besoin o\u00f9 vous voulez et quand vous voulez. Pratique, s\u00fbre et sans souci, la &hellip;<\/p>\n","protected":false},"author":1,"featured_media":0,"parent":0,"menu_order":0,"comment_status":"closed","ping_status":"open","template":"","meta":{"_acf_changed":false,"footnotes":""},"class_list":["post-232","page","type-page","status-publish","hentry"],"acf":[],"_links":{"self":[{"href":"https:\/\/bachirtours.com\/tours\/wp-json\/wp\/v2\/pages\/232","targetHints":{"allow":["GET"]}}],"collection":[{"href":"https:\/\/bachirtours.com\/tours\/wp-json\/wp\/v2\/pages"}],"about":[{"href":"https:\/\/bachirtours.com\/tours\/wp-json\/wp\/v2\/types\/page"}],"author":[{"embeddable":true,"href":"https:\/\/bachirtours.com\/tours\/wp-json\/wp\/v2\/users\/1"}],"replies":[{"embeddable":true,"href":"https:\/\/bachirtours.com\/tours\/wp-json\/wp\/v2\/comments?post=232"}],"version-history":[{"count":10,"href":"https:\/\/bachirtours.com\/tours\/wp-json\/wp\/v2\/pages\/232\/revisions"}],"predecessor-version":[{"id":873,"href":"https:\/\/bachirtours.com\/tours\/wp-json\/wp\/v2\/pages\/232\/revisions\/873"}],"wp:attachment":[{"href":"https:\/\/bachirtours.com\/tours\/wp-json\/wp\/v2\/media?parent=232"}],"curies":[{"name":"wp","href":"https:\/\/api.w.org\/{rel}","templated":true}]}}