{"id":8,"date":"2020-03-13T10:13:09","date_gmt":"2020-03-13T10:13:09","guid":{"rendered":"https:\/\/xml-io.proteusthemes.com\/cargopress\/?page_id=6"},"modified":"2025-02-17T14:39:05","modified_gmt":"2025-02-17T13:39:05","slug":"accueil","status":"publish","type":"page","link":"https:\/\/bachirtours.com\/tours\/","title":{"rendered":"Accueil"},"content":{"rendered":"<div id=\"pl-8\"  class=\"panel-layout\" ><div id=\"pg-8-0\"  class=\"panel-grid panel-has-style\" ><div class=\"jumbotron-overlap panel-row-style panel-row-style-for-8-0\" ><div id=\"pgc-8-0-0\"  class=\"panel-grid-cell\" ><div id=\"panel-8-0-0-0\" class=\"so-panel widget widget_black-studio-tinymce widget_black_studio_tinymce panel-first-child panel-last-child\" data-index=\"0\" ><div class=\"featured-widget panel-widget-style panel-widget-style-for-8-0-0-0\" ><h3 class=\"widget-title\"><span class=\"widget-title__inline\">QUI SOMMES NOUS ?<\/span><\/h3><div class=\"textwidget\"><p>Bachir &amp; Fr\u00e8res Tours, bas\u00e9 \u00e0 F\u00e8s, propose des <strong>transferts, excursions et circuits \u00e0 travers tout le Maroc<\/strong> avec des <strong>v\u00e9hicules confortables et des chauffeurs exp\u00e9riment\u00e9s<\/strong> pour une exp\u00e9rience <strong>s\u00fbre et inoubliable<\/strong>. D\u00e9couvrez le pays en toute s\u00e9r\u00e9nit\u00e9, des villes anim\u00e9es aux paysages \u00e9poustouflants<\/p>\n<p><a class=\"read-more\" href=\"\/tours\/a-propos\/\">Lire la suite<\/a><\/p>\n<\/div><\/div><\/div><\/div><div id=\"pgc-8-0-1\"  class=\"panel-grid-cell\" ><div id=\"panel-8-0-1-0\" class=\"so-panel widget widget_pw_featured_page widget-featured-page panel-first-child panel-last-child\" data-index=\"1\" >\n\n\t<div class=\"page-box  page-box--block\">\n\t\t\t<a class=\"page-box__picture\" href=\"https:\/\/bachirtours.com\/tours\/services\/services-de-transferts\/\"><img decoding=\"async\" src=\"https:\/\/bachirtours.com\/tours\/wp-content\/uploads\/2020\/03\/Services-de-transferts-360x240.jpg\" width=\"360\" height=\"240\" srcset=\"https:\/\/bachirtours.com\/tours\/wp-content\/uploads\/2020\/03\/Services-de-transferts-360x240.jpg 360w, https:\/\/bachirtours.com\/tours\/wp-content\/uploads\/2020\/03\/Services-de-transferts.jpg 1920w\" sizes=\"(min-width: 992px) 360px, calc(100vw - 30px)\" class=\"wp-post-image\" alt=\"Services De Transferts\"><\/a>\n\t\t<div class=\"page-box__content\">\n\t\t\t<h5 class=\"page-box__title  text-uppercase\"><a href=\"https:\/\/bachirtours.com\/tours\/services\/services-de-transferts\/\">Services De Transferts<\/a><\/h5>\n\t\t\t<p>Nous organisons vos transferts en toute s\u00e9r\u00e9nit\u00e9, depuis et vers l\u2019a\u00e9roport, ainsi qu\u2019entre les diff\u00e9rentes villes du Maroc. Que ce soit pour un trajet confortable &hellip;<\/p>\n\t\t\t\t<p><a href=\"https:\/\/bachirtours.com\/tours\/services\/services-de-transferts\/\" class=\"read-more  read-more--page-box\">Lire la suite<\/a><\/p>\n\t\t<\/div>\n\t<\/div>\n\n<\/div><\/div><div id=\"pgc-8-0-2\"  class=\"panel-grid-cell\" ><div id=\"panel-8-0-2-0\" class=\"so-panel widget widget_pw_featured_page widget-featured-page panel-first-child panel-last-child\" data-index=\"2\" >\n\n\t<div class=\"page-box  page-box--block\">\n\t\t\t<a class=\"page-box__picture\" href=\"https:\/\/bachirtours.com\/tours\/services\/excursions-maroc\/\"><img decoding=\"async\" src=\"https:\/\/bachirtours.com\/tours\/wp-content\/uploads\/2020\/03\/Excursion-360x240.jpg\" width=\"360\" height=\"240\" srcset=\"https:\/\/bachirtours.com\/tours\/wp-content\/uploads\/2020\/03\/Excursion-360x240.jpg 360w, https:\/\/bachirtours.com\/tours\/wp-content\/uploads\/2020\/03\/Excursion.jpg 1920w\" sizes=\"(min-width: 992px) 360px, calc(100vw - 30px)\" class=\"wp-post-image\" alt=\"Excursions\"><\/a>\n\t\t<div class=\"page-box__content\">\n\t\t\t<h5 class=\"page-box__title  text-uppercase\"><a href=\"https:\/\/bachirtours.com\/tours\/services\/excursions-maroc\/\">Excursions<\/a><\/h5>\n\t\t\t<p>D\u00e9couvrez le Maroc autrement gr\u00e2ce \u00e0 nos circuits et excursions sur mesure ! Que vous souhaitiez explorer les m\u00e9dinas historiques, les paysages spectaculaires du d\u00e9sert ou les majestueuses montagnes de l\u2019Atlas, nous organisons des exp\u00e9riences &hellip;<\/p>\n\t\t\t\t<p><a href=\"https:\/\/bachirtours.com\/tours\/services\/excursions-maroc\/\" class=\"read-more  read-more--page-box\">Lire la suite<\/a><\/p>\n\t\t<\/div>\n\t<\/div>\n\n<\/div><\/div><div id=\"pgc-8-0-3\"  class=\"panel-grid-cell\" ><div id=\"panel-8-0-3-0\" class=\"so-panel widget widget_pw_featured_page widget-featured-page panel-first-child panel-last-child\" data-index=\"3\" >\n\n\t<div class=\"page-box  page-box--block\">\n\t\t\t<a class=\"page-box__picture\" href=\"https:\/\/bachirtours.com\/tours\/services\/mise-a-disposition\/\"><img decoding=\"async\" src=\"https:\/\/bachirtours.com\/tours\/wp-content\/uploads\/2020\/03\/Mise-\u00e0-disposition-360x240.jpg\" width=\"360\" height=\"240\" srcset=\"https:\/\/bachirtours.com\/tours\/wp-content\/uploads\/2020\/03\/Mise-\u00e0-disposition-360x240.jpg 360w, https:\/\/bachirtours.com\/tours\/wp-content\/uploads\/2020\/03\/Mise-\u00e0-disposition.jpg 1024w\" sizes=\"(min-width: 992px) 360px, calc(100vw - 30px)\" class=\"wp-post-image\" alt=\"Mise \u00e0 disposition\"><\/a>\n\t\t<div class=\"page-box__content\">\n\t\t\t<h5 class=\"page-box__title  text-uppercase\"><a href=\"https:\/\/bachirtours.com\/tours\/services\/mise-a-disposition\/\">Mise \u00e0 disposition<\/a><\/h5>\n\t\t\t<p>Besoin d\u2019une voiture de tourisme avec chauffeur \u00e0 l\u2019heure ou \u00e0 la journ\u00e9e? Nous proposons la solution adapt\u00e9e \u00e0 vos attentes Pour vos d\u00e9placements professionnels :\u00a0Congr\u00e9s, \u00c9v\u00e8nements ou diner d\u2019affaires.. Pour vos d\u00e9placements &hellip;<\/p>\n\t\t\t\t<p><a href=\"https:\/\/bachirtours.com\/tours\/services\/mise-a-disposition\/\" class=\"read-more  read-more--page-box\">Lire la suite<\/a><\/p>\n\t\t<\/div>\n\t<\/div>\n\n<\/div><\/div><\/div><\/div><div id=\"pg-8-1\"  class=\"panel-grid panel-no-style\" ><div id=\"pgc-8-1-0\"  class=\"panel-grid-cell\" ><div id=\"panel-8-1-0-0\" class=\"so-panel widget widget_black-studio-tinymce widget_black_studio_tinymce panel-first-child panel-last-child\" data-index=\"4\" ><div class=\"widget-title--big panel-widget-style panel-widget-style-for-8-1-0-0\" ><h3 class=\"widget-title\"><span class=\"widget-title__inline\">Nos services<\/span><\/h3><div class=\"textwidget\"><\/div><\/div><\/div><\/div><\/div><div id=\"pg-8-2\"  class=\"panel-grid panel-no-style\" ><div id=\"pgc-8-2-0\"  class=\"panel-grid-cell\" ><div id=\"panel-8-2-0-0\" class=\"so-panel widget widget_pw_icon_box widget-icon-box panel-first-child panel-last-child\" data-index=\"5\" >\n\n\t\t<a class=\"icon-box\" href=\"https:\/\/bachirtours.com\/tours\/services\/services-de-transferts\/\" target=\"_self\">\n\n\t\t<i class=\"fa  fa-suitcase\"><\/i>\n\t\t<h4 class=\"icon-box__title\">Transferts<\/h4>\n\t\t<span class=\"icon-box__subtitle\">Vous souhaitez vous rendre \u00e0 n\u2019importe quel a\u00e9roport, nous mettons \u00e0 votre disposition des moyens de transport pratiques pour relier l\u2019a\u00e9roport et votre h\u00f4tel<\/span>\n\n\t\t<\/a>\n\n<\/div><\/div><div id=\"pgc-8-2-1\"  class=\"panel-grid-cell\" ><div id=\"panel-8-2-1-0\" class=\"so-panel widget widget_pw_icon_box widget-icon-box panel-first-child panel-last-child\" data-index=\"6\" >\n\n\t\t<a class=\"icon-box\" href=\"http:\/\/bachirtours.com\/tours\/services\/mise-a-disposition\/\" target=\"_self\">\n\n\t\t<i class=\"fa  fa-car\"><\/i>\n\t\t<h4 class=\"icon-box__title\">Mise \u00e0 disposition <\/h4>\n\t\t<span class=\"icon-box__subtitle\">Besoin d\u2019une voiture de tourisme avec chauffeur \u00e0 l\u2019heure ou \u00e0 la journ\u00e9e? Nous proposons la solution adapt\u00e9e \u00e0 vos attentes Pour vos d\u00e9placements professionnels ...<\/span>\n\n\t\t<\/a>\n\n<\/div><\/div><div id=\"pgc-8-2-2\"  class=\"panel-grid-cell\" ><div id=\"panel-8-2-2-0\" class=\"so-panel widget widget_pw_icon_box widget-icon-box panel-first-child panel-last-child\" data-index=\"7\" >\n\n\t\t<a class=\"icon-box\" href=\"https:\/\/bachirtours.com\/tours\/services\/excursions-maroc\/\" target=\"_self\">\n\n\t\t<i class=\"fa  fa-map-marker\"><\/i>\n\t\t<h4 class=\"icon-box__title\">Excursions<\/h4>\n\t\t<span class=\"icon-box__subtitle\">D\u00e9couvrez le Maroc autrement gr\u00e2ce \u00e0 nos circuits et excursions sur mesure ! Que vous souhaitiez explorer les m\u00e9dinas historiques, les paysages spectaculaires du d\u00e9sert ou les majestueuses montagnes de l\u2019Atlas<\/span>\n\n\t\t<\/a>\n\n<\/div><\/div><div id=\"pgc-8-2-3\"  class=\"panel-grid-cell\" ><div id=\"panel-8-2-3-0\" class=\"so-panel widget widget_pw_icon_box widget-icon-box panel-first-child panel-last-child\" data-index=\"8\" >\n\n\t\t<a class=\"icon-box\" href=\"http:\/\/bachirtours.com\/tours\/services\/circuits-excursions\/\" target=\"_self\">\n\n\t\t<i class=\"fa  fa-map-marker\"><\/i>\n\t\t<h4 class=\"icon-box__title\">Circuits<\/h4>\n\t\t<span class=\"icon-box__subtitle\">ENVIE DE D\u00c9COUVRIR LE MAROC? BACHIRTOURS vous propose d\u2019organiser un voyage guid\u00e9 avec un chauffeur priv\u00e9, qui saura vous faire vivre une exp\u00e9rience unique.<\/span>\n\n\t\t<\/a>\n\n<\/div><\/div><\/div><div id=\"pg-8-3\"  class=\"panel-grid panel-has-style\" ><div class=\"siteorigin-panels-stretch panel-row-style panel-row-style-for-8-3\" data-stretch-type=\"full\" ><div id=\"pgc-8-3-0\"  class=\"panel-grid-cell\" ><div id=\"panel-8-3-0-0\" class=\"so-panel widget widget_pw_call_to_action widget-call-to-action panel-first-child panel-last-child\" data-index=\"9\" ><div class=\"panel-widget-style panel-widget-style-for-8-3-0-0\" >\t\t\t\t<div class=\"call-to-action\">\n\t\t\t\t\t<div class=\"call-to-action__text\">\n\t\t\t\t\t\tVous souhaitez une estimation ? Un devis sur une prestation ? Vous avez des questions ?\t\t\t\t\t<\/div>\n\t\t\t\t\t<div class=\"call-to-action__button\">\n\t\t\t\t\t\t<a class=\"btn    btn-primary\" href=\"http:\/\/bachirtours.com\/tours\/contactez-nous\/\" target=\"_blank\">Contactez Nous<\/a>\t\t\t\t\t<\/div>\n\t\t\t\t<\/div>\n\t\t\t<\/div><\/div><\/div><\/div><\/div><div id=\"pg-8-4\"  class=\"panel-grid panel-has-style\" ><div class=\"siteorigin-panels-stretch panel-row-style panel-row-style-for-8-4\" data-stretch-type=\"full\" ><div id=\"pgc-8-4-0\"  class=\"panel-grid-cell panel-grid-cell-empty\" ><\/div><div id=\"pgc-8-4-1\"  class=\"panel-grid-cell panel-grid-cell-mobile-last\" ><div id=\"panel-8-4-1-0\" class=\"so-panel widget widget_black-studio-tinymce widget_black_studio_tinymce panel-first-child panel-last-child\" data-index=\"10\" ><div class=\"textwidget\"><h3 style=\"text-align: center; font-size: 44px;\">Nos Valeurs<\/h3>\n<p style=\"text-align: center;\"><span style=\"color: #4ab9cf;\"><strong>WRITTEN BY BACHIR TOURS<\/strong><\/span><\/p>\n<hr class=\"hr-quote\" \/>\n<p style=\"text-align: center;\">BACHIR &amp; FR\u00c8RES TOURS est une agence de transport touristique bas\u00e9e \u00e0 F\u00e8s, et op\u00e9rant sur tout le Maroc.<\/p>\n<p style=\"text-align: center;\">Parce que votre confort est un facteur de s\u00e9r\u00e9nit\u00e9, nous mettons \u00e0 votre disposition des v\u00e9hicules de grandes marques \u00e9quip\u00e9es de toutes les options de confort et s\u00e9curit\u00e9. Un service de transport haut de gamme, dont la vocation principale est de r\u00e9pondre \u00e0 toutes les attentes particuli\u00e8res d\u2019une client\u00e8le qui recherche un service de bonne qualit\u00e9...<\/p>\n<p style=\"text-align: center;\"><img decoding=\"async\" class=\"alignnone wp-image-741 \" src=\"http:\/\/bachirtours.com\/tours\/wp-content\/uploads\/2020\/03\/logo.png\" alt=\"\" width=\"215\" height=\"111\" \/><\/p>\n<\/div><\/div><\/div><div id=\"pgc-8-4-2\"  class=\"panel-grid-cell panel-grid-cell-empty\" ><\/div><\/div><\/div><div id=\"pg-8-5\"  class=\"panel-grid panel-no-style\" ><div id=\"pgc-8-5-0\"  class=\"panel-grid-cell\" ><div id=\"panel-8-5-0-0\" class=\"so-panel widget widget_black-studio-tinymce widget_black_studio_tinymce panel-first-child panel-last-child\" data-index=\"11\" ><div class=\"widget-title--big panel-widget-style panel-widget-style-for-8-5-0-0\" ><h3 class=\"widget-title\"><span class=\"widget-title__inline\">A propos<\/span><\/h3><div class=\"textwidget\">Bachir &amp; Fr\u00e8res Tours, bas\u00e9 \u00e0 F\u00e8s, propose des <strong>transferts, excursions et <\/strong><strong>circuits \u00e0 travers tout le Maroc<\/strong> avec des <strong>v\u00e9hicules confortables et des <\/strong><strong>chauffeurs exp\u00e9riment\u00e9s<\/strong> pour une exp\u00e9rience <strong>s\u00fbre et inoubliable<\/strong>. D\u00e9couvrez le pays en toute s\u00e9r\u00e9nit\u00e9, des villes anim\u00e9es aux paysages \u00e9poustouflants.\n\n<a class=\"read-more\" href=\"http:\/\/bachirtours.com\/tours\/a-propos\/\">LIRE LA SUITE<\/a><\/div><\/div><\/div><\/div><div id=\"pgc-8-5-1\"  class=\"panel-grid-cell\" ><div id=\"panel-8-5-1-0\" class=\"so-panel widget widget_black-studio-tinymce widget_black_studio_tinymce panel-first-child panel-last-child\" data-index=\"12\" ><div class=\"featured-widget panel-widget-style panel-widget-style-for-8-5-1-0\" ><h3 class=\"widget-title\"><span class=\"widget-title__inline\">Envoyer nous un E-mail<\/span><\/h3><div class=\"textwidget\">Veuillez nous contacter pour toute information ou demande de devis. nous sommes \u00e0 votre disposition, et nous allons vous r\u00e9pondre dans les 24 heures qui suivent.\n<br><br>\n\n<div class=\"wpcf7 no-js\" id=\"wpcf7-f122-o1\" lang=\"en-US\" dir=\"ltr\" data-wpcf7-id=\"122\">\n<div class=\"screen-reader-response\"><p role=\"status\" aria-live=\"polite\" aria-atomic=\"true\"><\/p> <ul><\/ul><\/div>\n<form action=\"\/tours\/wp-json\/wp\/v2\/pages\/8#wpcf7-f122-o1\" method=\"post\" class=\"wpcf7-form init\" aria-label=\"Contact form\" novalidate=\"novalidate\" data-status=\"init\">\n<div style=\"display: none;\">\n<input type=\"hidden\" name=\"_wpcf7\" value=\"122\" \/>\n<input type=\"hidden\" name=\"_wpcf7_version\" value=\"6.0.4\" \/>\n<input type=\"hidden\" name=\"_wpcf7_locale\" value=\"en_US\" \/>\n<input type=\"hidden\" name=\"_wpcf7_unit_tag\" value=\"wpcf7-f122-o1\" \/>\n<input type=\"hidden\" name=\"_wpcf7_container_post\" value=\"0\" \/>\n<input type=\"hidden\" name=\"_wpcf7_posted_data_hash\" value=\"\" \/>\n<\/div>\n<div class=\"row\">\n\t<div class=\"col-xs-12  col-md-4\">\n\t\t<p><span class=\"wpcf7-form-control-wrap\" data-name=\"your-name\"><input size=\"40\" maxlength=\"400\" class=\"wpcf7-form-control wpcf7-text wpcf7-validates-as-required\" aria-required=\"true\" aria-invalid=\"false\" placeholder=\"First Name\" value=\"\" type=\"text\" name=\"your-name\" \/><\/span>\n\t\t<\/p>\n\t<\/div>\n\t<div class=\"col-xs-12  col-md-4\">\n\t\t<p><span class=\"wpcf7-form-control-wrap\" data-name=\"last-name\"><input size=\"40\" maxlength=\"400\" class=\"wpcf7-form-control wpcf7-text wpcf7-validates-as-required\" aria-required=\"true\" aria-invalid=\"false\" placeholder=\"Last Name\" value=\"\" type=\"text\" name=\"last-name\" \/><\/span>\n\t\t<\/p>\n\t<\/div>\n<\/div>\n<div class=\"row\">\n\t<div class=\"col-xs-12  col-md-4\">\n\t\t<p><span class=\"wpcf7-form-control-wrap\" data-name=\"your-email\"><input size=\"40\" maxlength=\"400\" class=\"wpcf7-form-control wpcf7-email wpcf7-validates-as-required wpcf7-text wpcf7-validates-as-email\" aria-required=\"true\" aria-invalid=\"false\" placeholder=\"E-mail address\" value=\"\" type=\"email\" name=\"your-email\" \/><\/span>\n\t\t<\/p>\n\t<\/div>\n\t<div class=\"col-xs-12  col-md-4\">\n\t\t<p><span class=\"wpcf7-form-control-wrap\" data-name=\"your-phone\"><input size=\"40\" maxlength=\"400\" class=\"wpcf7-form-control wpcf7-tel wpcf7-validates-as-required wpcf7-text wpcf7-validates-as-tel\" aria-required=\"true\" aria-invalid=\"false\" placeholder=\"Phone Number\" value=\"\" type=\"tel\" name=\"your-phone\" \/><\/span>\n\t\t<\/p>\n\t<\/div>\n<\/div>\n<div class=\"row\">\n\t<div class=\"col-xs-12  col-md-8\">\n\t\t<p><span class=\"wpcf7-form-control-wrap\" data-name=\"your-subject\"><input size=\"40\" maxlength=\"400\" class=\"wpcf7-form-control wpcf7-text wpcf7-validates-as-required\" aria-required=\"true\" aria-invalid=\"false\" placeholder=\"Subject\" value=\"\" type=\"text\" name=\"your-subject\" \/><\/span>\n\t\t<\/p>\n\t<\/div>\n\t<div class=\"col-xs-12\">\n\t\t<p><span class=\"wpcf7-form-control-wrap\" data-name=\"your-message\"><textarea cols=\"40\" rows=\"10\" maxlength=\"2000\" class=\"wpcf7-form-control wpcf7-textarea\" aria-invalid=\"false\" placeholder=\"Message\" name=\"your-message\"><\/textarea><\/span><br \/>\n<input class=\"wpcf7-form-control wpcf7-submit has-spinner btn btn-primary\" type=\"submit\" value=\"SEND MESSAGE\" \/>\n\t\t<\/p>\n\t<\/div>\n<\/div><label class=\"apbct_special_field\" id=\"apbct_label_id74919\" for=\"apbct__email_id__wp_contact_form_7_74919\">74919<\/label><input\n            id=\"apbct__email_id__wp_contact_form_7_74919\"\n            class=\"apbct_special_field apbct__email_id__wp_contact_form_7\"\n            name=\"apbct__email_id__wp_contact_form_7_74919\"\n            type=\"text\" size=\"30\" maxlength=\"200\" autocomplete=\"off\"\n            value=\"74919\" apbct_event_id=\"74919\"\n            \/><input id=\"apbct_event_id_wp_contact_form_7_74919\"\n                class=\"apbct_special_field\" name=\"apbct_event_id\" type=\"hidden\" value=\"74919\" \/><div class=\"wpcf7-response-output\" aria-hidden=\"true\"><\/div>\n<\/form>\n<\/div>\n<\/div><\/div><\/div><\/div><\/div><div id=\"pg-8-6\"  class=\"panel-grid panel-has-style\" ><div class=\"siteorigin-panels-stretch panel-row-style panel-row-style-for-8-6\" data-stretch-type=\"full\" ><div id=\"pgc-8-6-0\"  class=\"panel-grid-cell\" ><div id=\"panel-8-6-0-0\" class=\"so-panel widget widget_pw_testimonials widget-testimonials panel-first-child panel-last-child\" data-index=\"13\" ><div class=\"widget-title--big panel-widget-style panel-widget-style-for-8-6-0-0\" >\n\t<div class=\"testimonial\">\n\n\t\t<h3 class=\"widget-title\"><span class=\"widget-title__inline\">Commentaires clients<\/span><\/h3>\n\n\t\t\t<div class=\"testimonial__carousel\">\n\t\t\t\t<a class=\"testimonial__carousel--left\" href=\"#carousel-testimonials-widget-6-0-0\" data-slide=\"prev\"><i class=\"fa  fa-caret-left\" aria-hidden=\"true\"><\/i><span class=\"sr-only\" role=\"button\">Suivant<\/span><\/a>\n\t\t\t\t<a class=\"testimonial__carousel--right\" href=\"#carousel-testimonials-widget-6-0-0\" data-slide=\"next\"><i class=\"fa  fa-caret-right\" aria-hidden=\"true\"><\/i><span class=\"sr-only\" role=\"button\">Pr\u00e9c\u00e9dent<\/span><\/a>\n\t\t\t<\/div>\n\n\t\t<div id=\"carousel-testimonials-widget-6-0-0\" class=\"carousel slide\" data-ride=\"carousel\" data-interval=\"5000\">\n\t\t\t<!-- Wrapper for slides -->\n\t\t\t<div class=\"carousel-inner\" role=\"listbox\">\n\t\t\t\t<div class=\"item active\">\n\t\t\t\t\t<div class=\"row\">\n\t\t\t\t\t\t\t\n\t\t\t\t\t\t\t<div class=\"col-xs-12  col-sm-6\">\n\t\t\t\t\t\t\t\t<blockquote>\n\t\t\t\t\t\t\t\t\t<p class=\"testimonial__quote\">\n\t\t\t\t\t\t\t\t\t\t\u00c9norme merci \u00e0 Abdel Malek qui nous a fait faire un excellent tour de F\u00e8s. Abdel Malek a \u00e9t\u00e9 tr\u00e8s g\u00e9n\u00e9reux et attentionn\u00e9. Il nous a permis de faire un tour personnalis\u00e9 \u00e0 un orphelinat de F\u00e8s ce qui fut le \"highlight\" de notre voyage.\n\t\t\t\t\t\t\t\t\t<\/p>\n\t\t\t\t\t\t\t\t\t<cite class=\"testimonial__author\">\n\t\t\t\t\t\t\t\t\t\tAlexie &amp; Nicolas<span class=\"testimonial__author-description\">, Avis TripAdvisor<\/span>\n\t\t\t\t\t\t\t\t\t<\/cite>\n\n\t\t\t\t\t\t\t\t<\/blockquote>\n\t\t\t\t\t\t\t<\/div>\n\t\t\t\t\t\t\t\n\t\t\t\t\t\t\t<div class=\"col-xs-12  col-sm-6\">\n\t\t\t\t\t\t\t\t<blockquote>\n\t\t\t\t\t\t\t\t\t<p class=\"testimonial__quote\">\n\t\t\t\t\t\t\t\t\t\tUn tr\u00e8s bon moment en couple avec Fouad , un chauffeur qui conna\u00eet tr\u00e8s bien la r\u00e9gion , les bonnes adresses et qui s\u2019occupe parfaitement de ses passagers. A recommander\n\t\t\t\t\t\t\t\t\t<\/p>\n\t\t\t\t\t\t\t\t\t<cite class=\"testimonial__author\">\n\t\t\t\t\t\t\t\t\t\tPjc<span class=\"testimonial__author-description\">, Avis TripAdvisor<\/span>\n\t\t\t\t\t\t\t\t\t<\/cite>\n\n\t\t\t\t\t\t\t\t<\/blockquote>\n\t\t\t\t\t\t\t<\/div>\n\t\t\t\t\t\t\t<\/div><\/div> <div class=\"item\"><div class=\"row\">\n\t\t\t\t\t\t\t<div class=\"col-xs-12  col-sm-6\">\n\t\t\t\t\t\t\t\t<blockquote>\n\t\t\t\t\t\t\t\t\t<p class=\"testimonial__quote\">\n\t\t\t\t\t\t\t\t\t\tNous avons \u00e9t\u00e9 tr\u00e8s agr\u00e9ablement accompagn\u00e9 et conduit en toute s\u00e9curit\u00e9 par Mohammed durant deux jours d'excursions \u00e0 Volubilis et Ifram. Il nous a fait d\u00e9couvrir des lieux improbables, magiques, de v\u00e9ritables havres de paix aux contacts des autochtones. Merci encore \u00e0 Mohammed pour sa gentillesse et sa bienveillance !\n\t\t\t\t\t\t\t\t\t<\/p>\n\t\t\t\t\t\t\t\t\t<cite class=\"testimonial__author\">\n\t\t\t\t\t\t\t\t\t\tJean V<span class=\"testimonial__author-description\">, Avis TripAdvisor<\/span>\n\t\t\t\t\t\t\t\t\t<\/cite>\n\n\t\t\t\t\t\t\t\t<\/blockquote>\n\t\t\t\t\t\t\t<\/div>\n\t\t\t\t\t\t\t\n\t\t\t\t\t\t\t<div class=\"col-xs-12  col-sm-6\">\n\t\t\t\t\t\t\t\t<blockquote>\n\t\t\t\t\t\t\t\t\t<p class=\"testimonial__quote\">\n\t\t\t\t\t\t\t\t\t\tUn tr\u00e8s grand merci a Abdelmalek et son fr\u00e8re Hassan pour la journ\u00e9e qu'ils nous ont fait vivre. Nous sommes partis hors des sentiers touristiques ou nous avons pu voir le \"vrai\" Maroc\nPour une prochaine visite a Fes je les recontacterai pour sur.\n\t\t\t\t\t\t\t\t\t<\/p>\n\t\t\t\t\t\t\t\t\t<cite class=\"testimonial__author\">\n\t\t\t\t\t\t\t\t\t\tmarinecoutarel<span class=\"testimonial__author-description\">, Avis TripAdvisor<\/span>\n\t\t\t\t\t\t\t\t\t<\/cite>\n\n\t\t\t\t\t\t\t\t<\/blockquote>\n\t\t\t\t\t\t\t<\/div>\n\t\t\t\t\t<\/div>\n\t\t\t\t<\/div>\n\t\t\t<\/div>\n\t\t<\/div>\n\t<\/div>\n\n<\/div><\/div><\/div><\/div><\/div><\/div>","protected":false},"excerpt":{"rendered":"<p>Bachir &amp; Fr\u00e8res Tours, bas\u00e9 \u00e0 F\u00e8s, propose des transferts, excursions et circuits \u00e0 travers tout le Maroc avec des v\u00e9hicules confortables et des chauffeurs exp\u00e9riment\u00e9s pour une exp\u00e9rience s\u00fbre et inoubliable. D\u00e9couvrez le pays en toute s\u00e9r\u00e9nit\u00e9, des villes anim\u00e9es aux paysages \u00e9poustouflants Lire la suite<\/p>\n","protected":false},"author":1,"featured_media":0,"parent":0,"menu_order":0,"comment_status":"closed","ping_status":"closed","template":"template-front-page-slider.php","meta":{"_acf_changed":false,"footnotes":""},"class_list":["post-8","page","type-page","status-publish","hentry"],"acf":[],"_links":{"self":[{"href":"https:\/\/bachirtours.com\/tours\/wp-json\/wp\/v2\/pages\/8","targetHints":{"allow":["GET"]}}],"collection":[{"href":"https:\/\/bachirtours.com\/tours\/wp-json\/wp\/v2\/pages"}],"about":[{"href":"https:\/\/bachirtours.com\/tours\/wp-json\/wp\/v2\/types\/page"}],"author":[{"embeddable":true,"href":"https:\/\/bachirtours.com\/tours\/wp-json\/wp\/v2\/users\/1"}],"replies":[{"embeddable":true,"href":"https:\/\/bachirtours.com\/tours\/wp-json\/wp\/v2\/comments?post=8"}],"version-history":[{"count":133,"href":"https:\/\/bachirtours.com\/tours\/wp-json\/wp\/v2\/pages\/8\/revisions"}],"predecessor-version":[{"id":1350,"href":"https:\/\/bachirtours.com\/tours\/wp-json\/wp\/v2\/pages\/8\/revisions\/1350"}],"wp:attachment":[{"href":"https:\/\/bachirtours.com\/tours\/wp-json\/wp\/v2\/media?parent=8"}],"curies":[{"name":"wp","href":"https:\/\/api.w.org\/{rel}","templated":true}]}}