{"id":909,"date":"2020-03-25T21:01:53","date_gmt":"2020-03-25T21:01:53","guid":{"rendered":"http:\/\/bachirtours.com\/tours\/?page_id=909"},"modified":"2025-02-22T20:18:26","modified_gmt":"2025-02-22T19:18:26","slug":"circuits","status":"publish","type":"page","link":"https:\/\/bachirtours.com\/tours\/services\/circuits\/","title":{"rendered":"Circuits"},"content":{"rendered":"<div id=\"pl-909\"  class=\"panel-layout\" ><div id=\"pg-909-0\"  class=\"panel-grid panel-no-style\" ><div id=\"pgc-909-0-0\"  class=\"panel-grid-cell\" ><div id=\"panel-909-0-0-0\" class=\"so-panel widget widget_black-studio-tinymce widget_black_studio_tinymce panel-first-child panel-last-child\" data-index=\"0\" ><h3 class=\"widget-title\"><span class=\"widget-title__inline\">D\u00e9couvrez le Maroc autrement<\/span><\/h3><div class=\"textwidget\"><p>Gr\u00e2ce \u00e0 nos circuits et excursions sur mesure ! Que vous souhaitiez explorer les m\u00e9dinas historiques, les paysages spectaculaires du d\u00e9sert ou les majestueuses montagnes de l\u2019Atlas, nous organisons des exp\u00e9riences inoubliables adapt\u00e9es \u00e0 vos envies.<\/p>\n<p>\ud83d\udd39 <strong>Circuits personnalis\u00e9s<\/strong> \u00e0 travers tout le Maroc<br \/>\n\ud83d\udd39 <strong>Excursions d\u2019une journ\u00e9e ou plusieurs jours<\/strong><br \/>\n\ud83d\udd39 <strong>Transport confortable et chauffeurs exp\u00e9riment\u00e9s<\/strong><\/p>\n<p>Vivez des aventures authentiques et laissez-vous \u00e9merveiller par la beaut\u00e9 du Maroc ! \u2728\ud83c\udf3f\ud83c\udff0<\/p>\n<\/div><\/div><\/div><\/div><div id=\"pg-909-1\"  class=\"panel-grid panel-no-style\" ><div id=\"pgc-909-1-0\"  class=\"panel-grid-cell\" ><div id=\"panel-909-1-0-0\" class=\"so-panel widget widget_media_image panel-first-child panel-last-child\" data-index=\"1\" ><img decoding=\"async\" width=\"960\" height=\"640\" src=\"https:\/\/bachirtours.com\/tours\/wp-content\/uploads\/2020\/03\/Desert-Buggies-Erfoud-Maroc.jpg\" class=\"image wp-image-929  attachment-full size-full\" alt=\"\" style=\"max-width: 100%; height: auto;\" srcset=\"https:\/\/bachirtours.com\/tours\/wp-content\/uploads\/2020\/03\/Desert-Buggies-Erfoud-Maroc.jpg 960w, https:\/\/bachirtours.com\/tours\/wp-content\/uploads\/2020\/03\/Desert-Buggies-Erfoud-Maroc-300x200.jpg 300w, https:\/\/bachirtours.com\/tours\/wp-content\/uploads\/2020\/03\/Desert-Buggies-Erfoud-Maroc-768x512.jpg 768w, https:\/\/bachirtours.com\/tours\/wp-content\/uploads\/2020\/03\/Desert-Buggies-Erfoud-Maroc-360x240.jpg 360w, https:\/\/bachirtours.com\/tours\/wp-content\/uploads\/2020\/03\/Desert-Buggies-Erfoud-Maroc-272x182.jpg 272w\" sizes=\"(max-width: 960px) 100vw, 960px\" \/><\/div><\/div><div id=\"pgc-909-1-1\"  class=\"panel-grid-cell\" ><div id=\"panel-909-1-1-0\" class=\"so-panel widget widget_media_image panel-first-child panel-last-child\" data-index=\"2\" ><img decoding=\"async\" width=\"960\" height=\"640\" src=\"https:\/\/bachirtours.com\/tours\/wp-content\/uploads\/2020\/03\/4-1.jpg\" class=\"image wp-image-918  attachment-full size-full\" alt=\"\" style=\"max-width: 100%; height: auto;\" srcset=\"https:\/\/bachirtours.com\/tours\/wp-content\/uploads\/2020\/03\/4-1.jpg 960w, https:\/\/bachirtours.com\/tours\/wp-content\/uploads\/2020\/03\/4-1-300x200.jpg 300w, https:\/\/bachirtours.com\/tours\/wp-content\/uploads\/2020\/03\/4-1-768x512.jpg 768w, https:\/\/bachirtours.com\/tours\/wp-content\/uploads\/2020\/03\/4-1-360x240.jpg 360w, https:\/\/bachirtours.com\/tours\/wp-content\/uploads\/2020\/03\/4-1-272x182.jpg 272w\" sizes=\"(max-width: 960px) 100vw, 960px\" \/><\/div><\/div><\/div><div id=\"pg-909-2\"  class=\"panel-grid panel-no-style\" ><div id=\"pgc-909-2-0\"  class=\"panel-grid-cell\" ><div id=\"panel-909-2-0-0\" class=\"so-panel widget widget_black-studio-tinymce widget_black_studio_tinymce panel-first-child\" data-index=\"3\" ><h3 class=\"widget-title\"><span class=\"widget-title__inline\">\ud83c\udf35 Nos Circuits D\u00e9sert \ud83c\udfdc\ufe0f<\/span><\/h3><div class=\"textwidget\"><\/div><\/div><div id=\"panel-909-2-0-1\" class=\"so-panel widget widget_sow-accordion panel-last-child\" data-index=\"4\" ><div\n\t\t\t\n\t\t\tclass=\"so-widget-sow-accordion so-widget-sow-accordion-default-10e14d832341-909\"\n\t\t\t\n\t\t><div>\n\t<div class=\"sow-accordion\">\n\t\t\t<div class=\"sow-accordion-panel\"\n\t\t\t data-anchor-id=\"2-jours-fes-%e2%86%92-merzouga-%e2%86%92-fes\">\n\t\t\t\t<div class=\"sow-accordion-panel-header-container\" role=\"heading\" aria-level=\"2\">\n\t\t\t\t\t<div class=\"sow-accordion-panel-header\" tabindex=\"0\" role=\"button\" id=\"accordion-label-2-jours-f%c3%a8s-%e2%86%92-merzouga-%e2%86%92-f%c3%a8s\" aria-controls=\"accordion-content-2-jours-f%c3%a8s-%e2%86%92-merzouga-%e2%86%92-f%c3%a8s\" aria-expanded=\"false\">\n\t\t\t\t\t\t<div class=\"sow-accordion-title sow-accordion-title-icon-left\">\n\t\t\t\t\t\t\t\t\t\t\t\t\t\t2 jours (F\u00e8s \u2192 Merzouga \u2192 F\u00e8s)\t\t\t\t\t\t\t\t\t\t\t\t\t<\/div>\n\t\t\t\t\t\t<div class=\"sow-accordion-open-close-button\">\n\t\t\t\t\t\t\t<div class=\"sow-accordion-open-button\">\n\t\t\t\t\t\t\t\t<span class=\"sow-icon-ionicons\" data-sow-icon=\"&#xf218;\"\n\t\t \n\t\taria-hidden=\"true\"><\/span>\t\t\t\t\t\t\t<\/div>\n\t\t\t\t\t\t\t<div class=\"sow-accordion-close-button\">\n\t\t\t\t\t\t\t\t<span class=\"sow-icon-ionicons\" data-sow-icon=\"&#xf209;\"\n\t\t \n\t\taria-hidden=\"true\"><\/span>\t\t\t\t\t\t\t<\/div>\n\t\t\t\t\t\t<\/div>\n\t\t\t\t\t<\/div>\n\t\t\t\t<\/div>\n\n\t\t\t<div\n\t\t\t\tclass=\"sow-accordion-panel-content\"\n\t\t\t\trole=\"region\"\n\t\t\t\taria-labelledby=\"accordion-label-2-jours-f%c3%a8s-%e2%86%92-merzouga-%e2%86%92-f%c3%a8s\"\n\t\t\t\tid=\"accordion-content-2-jours-f%c3%a8s-%e2%86%92-merzouga-%e2%86%92-f%c3%a8s\"\n\t\t\t\tstyle=\"display: none;\"\t\t\t>\n\t\t\t\t<div class=\"sow-accordion-panel-border\">\n\t\t\t\t\t<p><strong>Une immersion express dans le d\u00e9sert avec balade \u00e0 dos de chameau et nuit sous les \u00e9toiles... <a href=\"https:\/\/bachirtours.com\/tours\/circuits\/circuits-sahara-2-jours\/\">Lire la suite<\/a><\/strong><\/p>\n\t\t\t\t<\/div>\n\t\t\t<\/div>\n\t\t<\/div>\n\t\t\t<div class=\"sow-accordion-panel\"\n\t\t\t data-anchor-id=\"3-jours-2-nuits-fes-%e2%86%92-merzouga-%e2%86%92-marrakech\">\n\t\t\t\t<div class=\"sow-accordion-panel-header-container\" role=\"heading\" aria-level=\"2\">\n\t\t\t\t\t<div class=\"sow-accordion-panel-header\" tabindex=\"0\" role=\"button\" id=\"accordion-label-3-jours-2-nuits-f%c3%a8s-%e2%86%92-merzouga-%e2%86%92-marrakech\" aria-controls=\"accordion-content-3-jours-2-nuits-f%c3%a8s-%e2%86%92-merzouga-%e2%86%92-marrakech\" aria-expanded=\"false\">\n\t\t\t\t\t\t<div class=\"sow-accordion-title sow-accordion-title-icon-left\">\n\t\t\t\t\t\t\t\t\t\t\t\t\t\t3 jours \/ 2 nuits (F\u00e8s \u2192 Merzouga \u2192 Marrakech)\t\t\t\t\t\t\t\t\t\t\t\t\t<\/div>\n\t\t\t\t\t\t<div class=\"sow-accordion-open-close-button\">\n\t\t\t\t\t\t\t<div class=\"sow-accordion-open-button\">\n\t\t\t\t\t\t\t\t<span class=\"sow-icon-ionicons\" data-sow-icon=\"&#xf218;\"\n\t\t \n\t\taria-hidden=\"true\"><\/span>\t\t\t\t\t\t\t<\/div>\n\t\t\t\t\t\t\t<div class=\"sow-accordion-close-button\">\n\t\t\t\t\t\t\t\t<span class=\"sow-icon-ionicons\" data-sow-icon=\"&#xf209;\"\n\t\t \n\t\taria-hidden=\"true\"><\/span>\t\t\t\t\t\t\t<\/div>\n\t\t\t\t\t\t<\/div>\n\t\t\t\t\t<\/div>\n\t\t\t\t<\/div>\n\n\t\t\t<div\n\t\t\t\tclass=\"sow-accordion-panel-content\"\n\t\t\t\trole=\"region\"\n\t\t\t\taria-labelledby=\"accordion-label-3-jours-2-nuits-f%c3%a8s-%e2%86%92-merzouga-%e2%86%92-marrakech\"\n\t\t\t\tid=\"accordion-content-3-jours-2-nuits-f%c3%a8s-%e2%86%92-merzouga-%e2%86%92-marrakech\"\n\t\t\t\tstyle=\"display: none;\"\t\t\t>\n\t\t\t\t<div class=\"sow-accordion-panel-border\">\n\t\t\t\t\t<p><a href=\"https:\/\/bachirtours.com\/tours\/circuits\/circuits-sahara-3-jours-2-nuits\/\"><strong>Un voyage inoubliable \u00e0 travers l'Atlas, les gorges du Todra et la Kasbah d\u2019A\u00eft Ben Haddou, avec 2 nuits magiques dans le d\u00e9sert... Lire la suite<\/strong><\/a><\/p>\n\t\t\t\t<\/div>\n\t\t\t<\/div>\n\t\t<\/div>\n\t\t\t<div class=\"sow-accordion-panel\"\n\t\t\t data-anchor-id=\"circuits-personnalises\">\n\t\t\t\t<div class=\"sow-accordion-panel-header-container\" role=\"heading\" aria-level=\"2\">\n\t\t\t\t\t<div class=\"sow-accordion-panel-header\" tabindex=\"0\" role=\"button\" id=\"accordion-label-circuits-personnalis%c3%a9s\" aria-controls=\"accordion-content-circuits-personnalis%c3%a9s\" aria-expanded=\"false\">\n\t\t\t\t\t\t<div class=\"sow-accordion-title sow-accordion-title-icon-left\">\n\t\t\t\t\t\t\t\t\t\t\t\t\t\tCircuits personnalis\u00e9s\t\t\t\t\t\t\t\t\t\t\t\t\t<\/div>\n\t\t\t\t\t\t<div class=\"sow-accordion-open-close-button\">\n\t\t\t\t\t\t\t<div class=\"sow-accordion-open-button\">\n\t\t\t\t\t\t\t\t<span class=\"sow-icon-ionicons\" data-sow-icon=\"&#xf218;\"\n\t\t \n\t\taria-hidden=\"true\"><\/span>\t\t\t\t\t\t\t<\/div>\n\t\t\t\t\t\t\t<div class=\"sow-accordion-close-button\">\n\t\t\t\t\t\t\t\t<span class=\"sow-icon-ionicons\" data-sow-icon=\"&#xf209;\"\n\t\t \n\t\taria-hidden=\"true\"><\/span>\t\t\t\t\t\t\t<\/div>\n\t\t\t\t\t\t<\/div>\n\t\t\t\t\t<\/div>\n\t\t\t\t<\/div>\n\n\t\t\t<div\n\t\t\t\tclass=\"sow-accordion-panel-content\"\n\t\t\t\trole=\"region\"\n\t\t\t\taria-labelledby=\"accordion-label-circuits-personnalis%c3%a9s\"\n\t\t\t\tid=\"accordion-content-circuits-personnalis%c3%a9s\"\n\t\t\t\tstyle=\"display: none;\"\t\t\t>\n\t\t\t\t<div class=\"sow-accordion-panel-border\">\n\t\t\t\t\t<p><a href=\"https:\/\/bachirtours.com\/tours\/circuits\/circuits-personnalises\/\"><strong>Envie d\u2019une aventure plus longue ? Nous cr\u00e9ons des itin\u00e9raires personnalis\u00e9s selon vos envies ... Lire la suite<\/strong><\/a><\/p>\n\t\t\t\t<\/div>\n\t\t\t<\/div>\n\t\t<\/div>\n\t\t<\/div>\n<\/div>\n<\/div><\/div><\/div><\/div><\/div>","protected":false},"excerpt":{"rendered":"<p>Gr\u00e2ce \u00e0 nos circuits et excursions sur mesure ! Que vous souhaitiez explorer les m\u00e9dinas historiques, les paysages spectaculaires du d\u00e9sert ou les majestueuses montagnes de l\u2019Atlas, nous organisons des exp\u00e9riences inoubliables adapt\u00e9es \u00e0 vos envies. \ud83d\udd39 Circuits personnalis\u00e9s \u00e0 travers tout le Maroc \ud83d\udd39 Excursions d\u2019une journ\u00e9e ou plusieurs jours \ud83d\udd39 Transport confortable et &hellip;<\/p>\n","protected":false},"author":1,"featured_media":1198,"parent":76,"menu_order":0,"comment_status":"closed","ping_status":"closed","template":"","meta":{"_acf_changed":false,"footnotes":""},"class_list":["post-909","page","type-page","status-publish","has-post-thumbnail","hentry"],"acf":[],"_links":{"self":[{"href":"https:\/\/bachirtours.com\/tours\/wp-json\/wp\/v2\/pages\/909","targetHints":{"allow":["GET"]}}],"collection":[{"href":"https:\/\/bachirtours.com\/tours\/wp-json\/wp\/v2\/pages"}],"about":[{"href":"https:\/\/bachirtours.com\/tours\/wp-json\/wp\/v2\/types\/page"}],"author":[{"embeddable":true,"href":"https:\/\/bachirtours.com\/tours\/wp-json\/wp\/v2\/users\/1"}],"replies":[{"embeddable":true,"href":"https:\/\/bachirtours.com\/tours\/wp-json\/wp\/v2\/comments?post=909"}],"version-history":[{"count":49,"href":"https:\/\/bachirtours.com\/tours\/wp-json\/wp\/v2\/pages\/909\/revisions"}],"predecessor-version":[{"id":1358,"href":"https:\/\/bachirtours.com\/tours\/wp-json\/wp\/v2\/pages\/909\/revisions\/1358"}],"up":[{"embeddable":true,"href":"https:\/\/bachirtours.com\/tours\/wp-json\/wp\/v2\/pages\/76"}],"wp:featuredmedia":[{"embeddable":true,"href":"https:\/\/bachirtours.com\/tours\/wp-json\/wp\/v2\/media\/1198"}],"wp:attachment":[{"href":"https:\/\/bachirtours.com\/tours\/wp-json\/wp\/v2\/media?parent=909"}],"curies":[{"name":"wp","href":"https:\/\/api.w.org\/{rel}","templated":true}]}}