{"id":93,"date":"2015-04-23T12:31:54","date_gmt":"2015-04-23T12:31:54","guid":{"rendered":"https:\/\/xml-io.proteusthemes.com\/cargopress\/?page_id=93"},"modified":"2025-02-22T20:55:49","modified_gmt":"2025-02-22T19:55:49","slug":"mise-a-disposition","status":"publish","type":"page","link":"https:\/\/bachirtours.com\/tours\/services\/mise-a-disposition\/","title":{"rendered":"Mise \u00e0 disposition"},"content":{"rendered":"<div id=\"pl-93\"  class=\"panel-layout\" ><div id=\"pg-93-0\"  class=\"panel-grid panel-no-style\" ><div id=\"pgc-93-0-0\"  class=\"panel-grid-cell\" ><div id=\"panel-93-0-0-0\" class=\"so-panel widget widget_black-studio-tinymce widget_black_studio_tinymce panel-first-child panel-last-child\" data-index=\"0\" ><div class=\"textwidget\"><p>Besoin d\u2019une voiture de tourisme avec chauffeur \u00e0 l\u2019heure ou \u00e0 la journ\u00e9e? Nous proposons la solution adapt\u00e9e \u00e0 vos attentes<\/p>\n<ul>\n<li><strong>Pour vos d\u00e9placements professionnels :<\/strong>\u00a0Congr\u00e9s, \u00c9v\u00e8nements ou diner d\u2019affaires..<\/li>\n<li><strong>Pour vos d\u00e9placements personnels :<\/strong>\u00a0Diner, Soir\u00e9es, Shopping ou un rendez-vous chez le m\u00e9decin..<\/li>\n<li><strong>Une visite touristique<\/strong><\/li>\n<li><strong>\u00c9v\u00e8nements exceptionnels :\u00a0<\/strong>Mariages, Anniversaires, R\u00e9ceptions..<\/li>\n<\/ul>\n<p>Pour toutes ces occasions, nous mettons \u00e0 disposition un Chauffeur et une voiture confortable, avec tout les \u00e9quipements n\u00e9cessaires \u00e0 bord pour rendre votre trajet agr\u00e9able.<\/p>\n<ul>\n<li><strong>Comp\u00e9tence\u00a0<\/strong><\/li>\n<\/ul>\n<p>Nos chauffeurs connaissent parfaitement la r\u00e9gion Occitanie, les grands magasins ainsi que les bonnes adresses gastronomiques.<\/p>\n<p>Votre chauffeur vous attendra le temps n\u00e9cessaire pour rendre agr\u00e9able vos d\u00e9placements.<\/p>\n<p>Notre but est votre satisfaction, c\u2019est pourquoi nous travaillons chaque jour pour nous am\u00e9liorer.<\/p>\n<p>Nous sommes \u00e0 votre \u00e9coute, pour toute demande particuli\u00e8re et nous restons \u00e0 votre disposition.<\/p>\n<li><strong>Un client satisfait est la meilleur des publicit\u00e9s\u00a0<\/strong><\/li>\n<\/div><\/div><\/div><div id=\"pgc-93-0-1\"  class=\"panel-grid-cell\" ><div id=\"panel-93-0-1-0\" class=\"so-panel widget widget_black-studio-tinymce widget_black_studio_tinymce panel-first-child panel-last-child\" data-index=\"1\" ><div class=\"textwidget\"><p><img decoding=\"async\" class=\"aligncenter size-large wp-image-1351\" src=\"https:\/\/bachirtours.com\/tours\/wp-content\/uploads\/2025\/02\/Parc-Auto-Bachir-1024x680.jpg\" alt=\"\" width=\"1024\" height=\"680\" srcset=\"https:\/\/bachirtours.com\/tours\/wp-content\/uploads\/2025\/02\/Parc-Auto-Bachir-1024x680.jpg 1024w, https:\/\/bachirtours.com\/tours\/wp-content\/uploads\/2025\/02\/Parc-Auto-Bachir-300x199.jpg 300w, https:\/\/bachirtours.com\/tours\/wp-content\/uploads\/2025\/02\/Parc-Auto-Bachir-768x510.jpg 768w, https:\/\/bachirtours.com\/tours\/wp-content\/uploads\/2025\/02\/Parc-Auto-Bachir-1536x1020.jpg 1536w, https:\/\/bachirtours.com\/tours\/wp-content\/uploads\/2025\/02\/Parc-Auto-Bachir-360x240.jpg 360w, https:\/\/bachirtours.com\/tours\/wp-content\/uploads\/2025\/02\/Parc-Auto-Bachir-272x182.jpg 272w, https:\/\/bachirtours.com\/tours\/wp-content\/uploads\/2025\/02\/Parc-Auto-Bachir.jpg 1600w\" sizes=\"(max-width: 1024px) 100vw, 1024px\" \/><\/p>\n<p><img decoding=\"async\" class=\"aligncenter size-large wp-image-839\" src=\"https:\/\/bachirtours.com\/tours\/wp-content\/uploads\/2020\/03\/Services-de-transferts-1024x480.jpg\" alt=\"\" width=\"1024\" height=\"480\" srcset=\"https:\/\/bachirtours.com\/tours\/wp-content\/uploads\/2020\/03\/Services-de-transferts-1024x480.jpg 1024w, https:\/\/bachirtours.com\/tours\/wp-content\/uploads\/2020\/03\/Services-de-transferts-300x141.jpg 300w, https:\/\/bachirtours.com\/tours\/wp-content\/uploads\/2020\/03\/Services-de-transferts-768x360.jpg 768w, https:\/\/bachirtours.com\/tours\/wp-content\/uploads\/2020\/03\/Services-de-transferts.jpg 1920w\" sizes=\"(max-width: 1024px) 100vw, 1024px\" \/><\/p>\n<\/div><\/div><\/div><\/div><\/div>","protected":false},"excerpt":{"rendered":"<p>Besoin d\u2019une voiture de tourisme avec chauffeur \u00e0 l\u2019heure ou \u00e0 la journ\u00e9e? Nous proposons la solution adapt\u00e9e \u00e0 vos attentes Pour vos d\u00e9placements professionnels :\u00a0Congr\u00e9s, \u00c9v\u00e8nements ou diner d\u2019affaires.. Pour vos d\u00e9placements personnels :\u00a0Diner, Soir\u00e9es, Shopping ou un rendez-vous chez le m\u00e9decin.. Une visite touristique \u00c9v\u00e8nements exceptionnels :\u00a0Mariages, Anniversaires, R\u00e9ceptions.. Pour toutes ces occasions, &hellip;<\/p>\n","protected":false},"author":1,"featured_media":859,"parent":76,"menu_order":0,"comment_status":"closed","ping_status":"closed","template":"","meta":{"_acf_changed":false,"footnotes":""},"class_list":["post-93","page","type-page","status-publish","has-post-thumbnail","hentry"],"acf":[],"_links":{"self":[{"href":"https:\/\/bachirtours.com\/tours\/wp-json\/wp\/v2\/pages\/93","targetHints":{"allow":["GET"]}}],"collection":[{"href":"https:\/\/bachirtours.com\/tours\/wp-json\/wp\/v2\/pages"}],"about":[{"href":"https:\/\/bachirtours.com\/tours\/wp-json\/wp\/v2\/types\/page"}],"author":[{"embeddable":true,"href":"https:\/\/bachirtours.com\/tours\/wp-json\/wp\/v2\/users\/1"}],"replies":[{"embeddable":true,"href":"https:\/\/bachirtours.com\/tours\/wp-json\/wp\/v2\/comments?post=93"}],"version-history":[{"count":8,"href":"https:\/\/bachirtours.com\/tours\/wp-json\/wp\/v2\/pages\/93\/revisions"}],"predecessor-version":[{"id":1378,"href":"https:\/\/bachirtours.com\/tours\/wp-json\/wp\/v2\/pages\/93\/revisions\/1378"}],"up":[{"embeddable":true,"href":"https:\/\/bachirtours.com\/tours\/wp-json\/wp\/v2\/pages\/76"}],"wp:featuredmedia":[{"embeddable":true,"href":"https:\/\/bachirtours.com\/tours\/wp-json\/wp\/v2\/media\/859"}],"wp:attachment":[{"href":"https:\/\/bachirtours.com\/tours\/wp-json\/wp\/v2\/media?parent=93"}],"curies":[{"name":"wp","href":"https:\/\/api.w.org\/{rel}","templated":true}]}}