{"id":97,"date":"2015-04-23T12:33:55","date_gmt":"2015-04-23T12:33:55","guid":{"rendered":"https:\/\/xml-io.proteusthemes.com\/cargopress\/?page_id=97"},"modified":"2020-03-25T12:26:18","modified_gmt":"2020-03-25T12:26:18","slug":"evenementiel","status":"publish","type":"page","link":"https:\/\/bachirtours.com\/tours\/services\/evenementiel\/","title":{"rendered":"\u00c9v\u00e9nementiel"},"content":{"rendered":"<div id=\"pl-97\"  class=\"panel-layout\" ><div id=\"pg-97-0\"  class=\"panel-grid panel-no-style\" ><div id=\"pgc-97-0-0\"  class=\"panel-grid-cell\" ><div id=\"panel-97-0-0-0\" class=\"so-panel widget widget_black-studio-tinymce widget_black_studio_tinymce panel-first-child panel-last-child\" data-index=\"0\" ><div class=\"textwidget\"><p>C\u00e9r\u00e9monie, Accompagnant de Mariage, Anniversaire une \u00e9quipe de professionnels aux techniques les plus modernes est pr\u00eate \u00e0 \u00e9couter.<\/p>\n<p>Votre projet, mettant la cr\u00e9ation au centre de nos r\u00e9flexions. Toute notre attention est centr\u00e9e sur des exp\u00e9riences \u00e9motionnelles et culturelles, hors des sentiers battus. Gr\u00e2ce \u00e0 nos relations privil\u00e9gi\u00e9es avec tous les fournisseurs de services, nous pratiquons des prix honn\u00eates, justifi\u00e9s par la valeur de nos services et notre engagement sur le terrain. Notre devise: Cr\u00e9ativit\u00e9, efficacit\u00e9 et ma\u00eetrise des d\u00e9tails, de la conception \u00e0 la r\u00e9alisation de tout \u00e9v\u00e9nement.<br \/>\nNous serons \u00e0 votre rendez-vous pour \u00eatre \u00e0 vos Inventives &amp; Events.<\/p>\n<p>F\u00e8s, Marrakech et\u00a0 Tanger sont devenues une destination branch\u00e9e, c\u00f4toy\u00e9e par les plus prestigieuses stars du monde. Plusieurs personnalit\u00e9s y ont organis\u00e9e leurs mariages, r\u00e9ceptions, anniversaires,\u2026<br \/>\nSuivez leurs traces, nous saurons nous adapter \u00e0 votre budget.<br \/>\nOrganiser des \u00e9v\u00e9nements au Maroc est synonyme de r\u00e9ussite sociale et une image de prestige.<br \/>\nNous vous attendons !<\/p>\n<p>&nbsp;<\/p>\n<\/div><\/div><\/div><div id=\"pgc-97-0-1\"  class=\"panel-grid-cell\" ><div id=\"panel-97-0-1-0\" class=\"so-panel widget widget_black-studio-tinymce widget_black_studio_tinymce panel-first-child panel-last-child\" data-index=\"1\" ><div class=\"textwidget\"><p><img decoding=\"async\" class=\"alignnone wp-image-876 size-large\" src=\"http:\/\/bachirtours.com\/tours\/wp-content\/uploads\/2020\/03\/event1-1024x480-1024x480.jpg\" alt=\"\" width=\"1024\" height=\"480\" srcset=\"https:\/\/bachirtours.com\/tours\/wp-content\/uploads\/2020\/03\/event1-1024x480.jpg 1024w, https:\/\/bachirtours.com\/tours\/wp-content\/uploads\/2020\/03\/event1-1024x480-300x141.jpg 300w, https:\/\/bachirtours.com\/tours\/wp-content\/uploads\/2020\/03\/event1-1024x480-768x360.jpg 768w\" sizes=\"(max-width: 1024px) 100vw, 1024px\" \/><\/p>\n<p><img decoding=\"async\" class=\"alignnone wp-image-877 size-large\" src=\"http:\/\/bachirtours.com\/tours\/wp-content\/uploads\/2020\/03\/event2-1024x480.jpg\" alt=\"\" width=\"1024\" height=\"480\" srcset=\"https:\/\/bachirtours.com\/tours\/wp-content\/uploads\/2020\/03\/event2-1024x480.jpg 1024w, https:\/\/bachirtours.com\/tours\/wp-content\/uploads\/2020\/03\/event2-300x141.jpg 300w, https:\/\/bachirtours.com\/tours\/wp-content\/uploads\/2020\/03\/event2-768x360.jpg 768w, https:\/\/bachirtours.com\/tours\/wp-content\/uploads\/2020\/03\/event2.jpg 1920w\" sizes=\"(max-width: 1024px) 100vw, 1024px\" \/><\/p>\n<\/div><\/div><\/div><\/div><\/div>","protected":false},"excerpt":{"rendered":"<p>C\u00e9r\u00e9monie, Accompagnant de Mariage, Anniversaire une \u00e9quipe de professionnels aux techniques les plus modernes est pr\u00eate \u00e0 \u00e9couter. Votre projet, mettant la cr\u00e9ation au centre de nos r\u00e9flexions. Toute notre attention est centr\u00e9e sur des exp\u00e9riences \u00e9motionnelles et culturelles, hors des sentiers battus. Gr\u00e2ce \u00e0 nos relations privil\u00e9gi\u00e9es avec tous les fournisseurs de services, nous &hellip;<\/p>\n","protected":false},"author":1,"featured_media":876,"parent":76,"menu_order":0,"comment_status":"closed","ping_status":"open","template":"","meta":{"_acf_changed":false,"footnotes":""},"class_list":["post-97","page","type-page","status-publish","has-post-thumbnail","hentry"],"acf":[],"_links":{"self":[{"href":"https:\/\/bachirtours.com\/tours\/wp-json\/wp\/v2\/pages\/97","targetHints":{"allow":["GET"]}}],"collection":[{"href":"https:\/\/bachirtours.com\/tours\/wp-json\/wp\/v2\/pages"}],"about":[{"href":"https:\/\/bachirtours.com\/tours\/wp-json\/wp\/v2\/types\/page"}],"author":[{"embeddable":true,"href":"https:\/\/bachirtours.com\/tours\/wp-json\/wp\/v2\/users\/1"}],"replies":[{"embeddable":true,"href":"https:\/\/bachirtours.com\/tours\/wp-json\/wp\/v2\/comments?post=97"}],"version-history":[{"count":3,"href":"https:\/\/bachirtours.com\/tours\/wp-json\/wp\/v2\/pages\/97\/revisions"}],"predecessor-version":[{"id":878,"href":"https:\/\/bachirtours.com\/tours\/wp-json\/wp\/v2\/pages\/97\/revisions\/878"}],"up":[{"embeddable":true,"href":"https:\/\/bachirtours.com\/tours\/wp-json\/wp\/v2\/pages\/76"}],"wp:featuredmedia":[{"embeddable":true,"href":"https:\/\/bachirtours.com\/tours\/wp-json\/wp\/v2\/media\/876"}],"wp:attachment":[{"href":"https:\/\/bachirtours.com\/tours\/wp-json\/wp\/v2\/media?parent=97"}],"curies":[{"name":"wp","href":"https:\/\/api.w.org\/{rel}","templated":true}]}}